{"id":563,"date":"2025-05-21T12:06:19","date_gmt":"2025-05-21T10:06:19","guid":{"rendered":"https:\/\/www.wpd.de\/windpark-saulheim-partenheim\/?page_id=563"},"modified":"2025-06-12T09:34:10","modified_gmt":"2025-06-12T07:34:10","slug":"eiswurf-und-eisfall","status":"publish","type":"page","link":"https:\/\/www.wpd.de\/windpark-kemnitz\/eiswurf-und-eisfall\/","title":{"rendered":"Eiswurf und Eisfall"},"content":{"rendered":"","protected":false},"excerpt":{"rendered":"a:1:{i:0;s:0:&#8220;&#8220;;} Eiswurf und Eisfall F\u00fcr das Genehmigungsverfahren wird der astronomisch maximal m\u00f6gliche Schattenwurf berechnet, der die bekannten geometrischen Verh\u00e4ltnisse von Sonnenstand, Standort der WEA und Lage des betroffenen Wohnhauses einbezieht. Hierbei wird davon ausgegangen, dass die Sonne immer scheint und die WEA immer l\u00e4uft &#8211; somit ein &#8222;worst case scenario&#8220;.\r\nDurch den nordrhein-westf\u00e4lischen Windenergie-Erlass ist geregelt, dass bei einer berechneten Beschattungsdauer von mehr als 30 h\/Jahr eine Abschaltautomatik einzurichten ist, die die WEA bei \u00fcberschreiten der Beschattungsdauer au\u00dfer Betrieb setzt.\r\n\r\nF\u00fcr die Praxis wird dann die reale Beschattung herangezogen: heutige Abschalteinrichtungen verf\u00fcgen \u00fcber einen Lichtsensor, der ermittelt, ob die Sonne aktuell \u00fcberhaupt scheint und damit Schattenwurf m\u00f6glich ist. Somit steuern sie die reale Beschattung. Diese ist f\u00fcr das betroffene Wohnhaus auf einen geringeren Wert von maximal 8 h\/Jahr und maximal 30 min\/Tag in Summe aller WEA eines Windparks begrenzt.\r\n\r\nDie technische Weiterentwicklung der Abschalteinrichtungen steigert zum einen die Verf\u00fcgbarkeit der WEA &#8211; also weniger Abschaltzeiten &#8211; und zum anderen eine verbesserte Vorsorge von betroffenen Wohnh\u00e4usern.\r\n\r\nWeiterf\u00fchrende Links zum Thema:\r\n\r\n<a href=\"https:\/\/www.lubw.baden-wuerttemberg.de\/erneuerbare-energien\/schattenwurf\" target=\"_blank\" rel=\"noopener\">https:\/\/www.lubw.baden-wuerttemberg.de\/erneuerbare-energien\/schattenwurf\r\n<\/a><a href=\"http:\/\/www.lung.mv-regierung.de\/dateien\/wea_schattenwurf_hinweise.pdf\" target=\"_blank\" rel=\"noopener\">http:\/\/www.lung.mv-regierung.de\/dateien\/wea_schattenwurf_hinweise.pdf<\/a> weiss    Gut zu wissen: der Disko-Effekt Der Disko-Effekt beschreibt Lichtreflexionen an den sich drehenden Rotorbl\u00e4ttern, die haupts\u00e4chlich von der Sonne verursacht werden. Der Disko-Effekt trat vor allem in der Fr\u00fchzeit der Windenergie auf.\r\nSeit vielen Jahren werden die Rotorbl\u00e4tter mit matten, reflexionsarmen Farben beschichtet, sodass ein Disko-Effekt nicht mehr auftritt. gr\u00fcn    a:2:{i:0;s:11:&#8220;text-normal&#8220;;i:1;s:11:&#8220;text-normal&#8220;;}        kein_schmuck 0    kein_schmuck 0 ","protected":false},"author":16,"featured_media":907,"parent":0,"menu_order":13,"comment_status":"closed","ping_status":"closed","template":"template-flexible-contents.php","meta":{"_acf_changed":false,"footnotes":""},"class_list":["post-563","page","type-page","status-publish","has-post-thumbnail","hentry"],"acf":[],"yoast_head":"<!-- This site is optimized with the Yoast SEO plugin v25.4 - https:\/\/yoast.com\/wordpress\/plugins\/seo\/ -->\n<title>Eiswurf und Eisfall - Windpark Kemnitz Repowering<\/title>\n<meta name=\"description\" content=\"F\u00fcr das Genehmigungsverfahren wird der astronomisch maximal m\u00f6gliche Schattenwurf berechnet, der die bekannten geometrischen Verh\u00e4ltnisse von Sonnenstand, Standort der WEA und Lage des betroffenen Wohnhauses einbezieht. Hierbei wird davon au\" \/>\n<meta name=\"robots\" content=\"index, follow, max-snippet:-1, max-image-preview:large, max-video-preview:-1\" \/>\n<link rel=\"canonical\" href=\"https:\/\/www.wpd.de\/windpark-kemnitz\/eiswurf-und-eisfall\/\" \/>\n<meta property=\"og:locale\" content=\"de_DE\" \/>\n<meta property=\"og:type\" content=\"article\" \/>\n<meta property=\"og:title\" content=\"Eiswurf und Eisfall - Windpark Kemnitz Repowering\" \/>\n<meta property=\"og:description\" content=\"F\u00fcr das Genehmigungsverfahren wird der astronomisch maximal m\u00f6gliche Schattenwurf berechnet, der die bekannten geometrischen Verh\u00e4ltnisse von Sonnenstand, Standort der WEA und Lage des betroffenen Wohnhauses einbezieht. Hierbei wird davon au\" \/>\n<meta property=\"og:url\" content=\"https:\/\/www.wpd.de\/windpark-kemnitz\/eiswurf-und-eisfall\/\" \/>\n<meta property=\"og:site_name\" content=\"Windpark Kemnitz Repowering\" \/>\n<meta property=\"article:modified_time\" content=\"2025-06-12T07:34:10+00:00\" \/>\n<meta property=\"og:image\" content=\"https:\/\/www.wpd.de\/windpark-kemnitz\/wp-content\/uploads\/sites\/12\/2021\/01\/Alt-Bennebek_15-scaled.jpg\" \/>\n\t<meta property=\"og:image:width\" content=\"2560\" \/>\n\t<meta property=\"og:image:height\" content=\"1701\" \/>\n\t<meta property=\"og:image:type\" content=\"image\/jpeg\" \/>\n<meta name=\"twitter:card\" content=\"summary_large_image\" \/>\n<script type=\"application\/ld+json\" class=\"yoast-schema-graph\">{\"@context\":\"https:\/\/schema.org\",\"@graph\":[{\"@type\":\"WebPage\",\"@id\":\"https:\/\/www.wpd.de\/windpark-kemnitz\/eiswurf-und-eisfall\/\",\"url\":\"https:\/\/www.wpd.de\/windpark-kemnitz\/eiswurf-und-eisfall\/\",\"name\":\"Eiswurf und Eisfall - Windpark Kemnitz Repowering\",\"isPartOf\":{\"@id\":\"https:\/\/www.wpd.de\/windpark-kemnitz\/#website\"},\"primaryImageOfPage\":{\"@id\":\"https:\/\/www.wpd.de\/windpark-kemnitz\/eiswurf-und-eisfall\/#primaryimage\"},\"image\":{\"@id\":\"https:\/\/www.wpd.de\/windpark-kemnitz\/eiswurf-und-eisfall\/#primaryimage\"},\"thumbnailUrl\":\"https:\/\/www.wpd.de\/windpark-kemnitz\/wp-content\/uploads\/sites\/12\/2021\/01\/Alt-Bennebek_15-scaled.jpg\",\"datePublished\":\"2025-05-21T10:06:19+00:00\",\"dateModified\":\"2025-06-12T07:34:10+00:00\",\"breadcrumb\":{\"@id\":\"https:\/\/www.wpd.de\/windpark-kemnitz\/eiswurf-und-eisfall\/#breadcrumb\"},\"inLanguage\":\"de\",\"potentialAction\":[{\"@type\":\"ReadAction\",\"target\":[\"https:\/\/www.wpd.de\/windpark-kemnitz\/eiswurf-und-eisfall\/\"]}]},{\"@type\":\"ImageObject\",\"inLanguage\":\"de\",\"@id\":\"https:\/\/www.wpd.de\/windpark-kemnitz\/eiswurf-und-eisfall\/#primaryimage\",\"url\":\"https:\/\/www.wpd.de\/windpark-kemnitz\/wp-content\/uploads\/sites\/12\/2021\/01\/Alt-Bennebek_15-scaled.jpg\",\"contentUrl\":\"https:\/\/www.wpd.de\/windpark-kemnitz\/wp-content\/uploads\/sites\/12\/2021\/01\/Alt-Bennebek_15-scaled.jpg\",\"width\":2560,\"height\":1701},{\"@type\":\"BreadcrumbList\",\"@id\":\"https:\/\/www.wpd.de\/windpark-kemnitz\/eiswurf-und-eisfall\/#breadcrumb\",\"itemListElement\":[{\"@type\":\"ListItem\",\"position\":1,\"name\":\"Startseite\",\"item\":\"https:\/\/www.wpd.de\/windpark-kemnitz\/\"},{\"@type\":\"ListItem\",\"position\":2,\"name\":\"Eiswurf und Eisfall\"}]},{\"@type\":\"WebSite\",\"@id\":\"https:\/\/www.wpd.de\/windpark-kemnitz\/#website\",\"url\":\"https:\/\/www.wpd.de\/windpark-kemnitz\/\",\"name\":\"Windpark Kemnitz Repowering\",\"description\":\"Eine weitere wpd.de Websites Website\",\"potentialAction\":[{\"@type\":\"SearchAction\",\"target\":{\"@type\":\"EntryPoint\",\"urlTemplate\":\"https:\/\/www.wpd.de\/windpark-kemnitz\/?s={search_term_string}\"},\"query-input\":{\"@type\":\"PropertyValueSpecification\",\"valueRequired\":true,\"valueName\":\"search_term_string\"}}],\"inLanguage\":\"de\"}]}<\/script>\n<!-- \/ Yoast SEO plugin. -->","yoast_head_json":{"title":"Eiswurf und Eisfall - Windpark Kemnitz Repowering","description":"F\u00fcr das Genehmigungsverfahren wird der astronomisch maximal m\u00f6gliche Schattenwurf berechnet, der die bekannten geometrischen Verh\u00e4ltnisse von Sonnenstand, Standort der WEA und Lage des betroffenen Wohnhauses einbezieht. Hierbei wird davon au","robots":{"index":"index","follow":"follow","max-snippet":"max-snippet:-1","max-image-preview":"max-image-preview:large","max-video-preview":"max-video-preview:-1"},"canonical":"https:\/\/www.wpd.de\/windpark-kemnitz\/eiswurf-und-eisfall\/","og_locale":"de_DE","og_type":"article","og_title":"Eiswurf und Eisfall - Windpark Kemnitz Repowering","og_description":"F\u00fcr das Genehmigungsverfahren wird der astronomisch maximal m\u00f6gliche Schattenwurf berechnet, der die bekannten geometrischen Verh\u00e4ltnisse von Sonnenstand, Standort der WEA und Lage des betroffenen Wohnhauses einbezieht. Hierbei wird davon au","og_url":"https:\/\/www.wpd.de\/windpark-kemnitz\/eiswurf-und-eisfall\/","og_site_name":"Windpark Kemnitz Repowering","article_modified_time":"2025-06-12T07:34:10+00:00","og_image":[{"width":2560,"height":1701,"url":"https:\/\/www.wpd.de\/windpark-kemnitz\/wp-content\/uploads\/sites\/12\/2021\/01\/Alt-Bennebek_15-scaled.jpg","type":"image\/jpeg"}],"twitter_card":"summary_large_image","schema":{"@context":"https:\/\/schema.org","@graph":[{"@type":"WebPage","@id":"https:\/\/www.wpd.de\/windpark-kemnitz\/eiswurf-und-eisfall\/","url":"https:\/\/www.wpd.de\/windpark-kemnitz\/eiswurf-und-eisfall\/","name":"Eiswurf und Eisfall - Windpark Kemnitz Repowering","isPartOf":{"@id":"https:\/\/www.wpd.de\/windpark-kemnitz\/#website"},"primaryImageOfPage":{"@id":"https:\/\/www.wpd.de\/windpark-kemnitz\/eiswurf-und-eisfall\/#primaryimage"},"image":{"@id":"https:\/\/www.wpd.de\/windpark-kemnitz\/eiswurf-und-eisfall\/#primaryimage"},"thumbnailUrl":"https:\/\/www.wpd.de\/windpark-kemnitz\/wp-content\/uploads\/sites\/12\/2021\/01\/Alt-Bennebek_15-scaled.jpg","datePublished":"2025-05-21T10:06:19+00:00","dateModified":"2025-06-12T07:34:10+00:00","breadcrumb":{"@id":"https:\/\/www.wpd.de\/windpark-kemnitz\/eiswurf-und-eisfall\/#breadcrumb"},"inLanguage":"de","potentialAction":[{"@type":"ReadAction","target":["https:\/\/www.wpd.de\/windpark-kemnitz\/eiswurf-und-eisfall\/"]}]},{"@type":"ImageObject","inLanguage":"de","@id":"https:\/\/www.wpd.de\/windpark-kemnitz\/eiswurf-und-eisfall\/#primaryimage","url":"https:\/\/www.wpd.de\/windpark-kemnitz\/wp-content\/uploads\/sites\/12\/2021\/01\/Alt-Bennebek_15-scaled.jpg","contentUrl":"https:\/\/www.wpd.de\/windpark-kemnitz\/wp-content\/uploads\/sites\/12\/2021\/01\/Alt-Bennebek_15-scaled.jpg","width":2560,"height":1701},{"@type":"BreadcrumbList","@id":"https:\/\/www.wpd.de\/windpark-kemnitz\/eiswurf-und-eisfall\/#breadcrumb","itemListElement":[{"@type":"ListItem","position":1,"name":"Startseite","item":"https:\/\/www.wpd.de\/windpark-kemnitz\/"},{"@type":"ListItem","position":2,"name":"Eiswurf und Eisfall"}]},{"@type":"WebSite","@id":"https:\/\/www.wpd.de\/windpark-kemnitz\/#website","url":"https:\/\/www.wpd.de\/windpark-kemnitz\/","name":"Windpark Kemnitz Repowering","description":"Eine weitere wpd.de Websites Website","potentialAction":[{"@type":"SearchAction","target":{"@type":"EntryPoint","urlTemplate":"https:\/\/www.wpd.de\/windpark-kemnitz\/?s={search_term_string}"},"query-input":{"@type":"PropertyValueSpecification","valueRequired":true,"valueName":"search_term_string"}}],"inLanguage":"de"}]}},"_links":{"self":[{"href":"https:\/\/www.wpd.de\/windpark-kemnitz\/wp-json\/wp\/v2\/pages\/563","targetHints":{"allow":["GET"]}}],"collection":[{"href":"https:\/\/www.wpd.de\/windpark-kemnitz\/wp-json\/wp\/v2\/pages"}],"about":[{"href":"https:\/\/www.wpd.de\/windpark-kemnitz\/wp-json\/wp\/v2\/types\/page"}],"author":[{"embeddable":true,"href":"https:\/\/www.wpd.de\/windpark-kemnitz\/wp-json\/wp\/v2\/users\/16"}],"replies":[{"embeddable":true,"href":"https:\/\/www.wpd.de\/windpark-kemnitz\/wp-json\/wp\/v2\/comments?post=563"}],"version-history":[{"count":16,"href":"https:\/\/www.wpd.de\/windpark-kemnitz\/wp-json\/wp\/v2\/pages\/563\/revisions"}],"predecessor-version":[{"id":2149,"href":"https:\/\/www.wpd.de\/windpark-kemnitz\/wp-json\/wp\/v2\/pages\/563\/revisions\/2149"}],"wp:featuredmedia":[{"embeddable":true,"href":"https:\/\/www.wpd.de\/windpark-kemnitz\/wp-json\/wp\/v2\/media\/907"}],"wp:attachment":[{"href":"https:\/\/www.wpd.de\/windpark-kemnitz\/wp-json\/wp\/v2\/media?parent=563"}],"curies":[{"name":"wp","href":"https:\/\/api.w.org\/{rel}","templated":true}]}}