{"id":334,"date":"2025-05-21T12:06:19","date_gmt":"2025-05-21T10:06:19","guid":{"rendered":"https:\/\/www.wpd.de\/windpark-saulheim-partenheim\/?page_id=334"},"modified":"2025-07-22T10:54:46","modified_gmt":"2025-07-22T08:54:46","slug":"schall-und-schatten","status":"publish","type":"page","link":"https:\/\/www.wpd.de\/windpark-kemnitz\/schall-und-schatten\/","title":{"rendered":"Schall und Schatten"},"content":{"rendered":"","protected":false},"excerpt":{"rendered":"a:1:{i:0;s:0:&#8220;&#8220;;} Schall  Schallleistung und Schalldruck: Ursache und Wirkung von Druckschwankungen\r\n\r\nDie beiden h\u00e4ufigsten und wichtigsten Angaben zum Schallpegel sind die des Schallleistungspegels und Schalldruckpegels.\r\n\r\nZum besseren Verst\u00e4ndnis l\u00e4sst sich folgende Analogie heranziehen: Eine elektrische Heizung strahlt W\u00e4rme in einen Raum ab; diese W\u00e4rme wirkt sich in Form einer Temperatur\u00e4nderung aus. Die Temperatur ist eine physikalisch messbare Gr\u00f6\u00dfe (im Gegensatz zur W\u00e4rme) und ist abh\u00e4ngig von den Raumeigenschaften (wie der Gr\u00f6\u00dfe, der Isolierung etc.) sowie der Einwirkung anderer W\u00e4rmequellen (bspw. einer zweiten Heizung). Die elektrische Leistung der Heizung ist jedoch (losgel\u00f6st davon, wie viele W\u00e4rmequellen es sonst noch im Raum gibt oder wie dieser ausgestattet ist) immer gleich gro\u00df.\r\n\r\nDie Beziehung zwischen Schallleistung und Schalldruck verh\u00e4lt sich ganz \u00e4hnlich. H\u00f6r- und messbar ist der Schalldruck. Er ist analog zur Temperatur die Wirkung und abh\u00e4ngig von Raumeigenschaften und weiteren Schallquellen. Verursacht wird der Schalldruckpegel durch die Schallleistung einer Schallquelle (im Beispiel ein Presslufthammer). G\u00e4be es zwei Schallquellen im Raum, w\u00fcrde dies den Schalldruckpegel erh\u00f6hen; der Schallleistungspegel eines Presslufthammers w\u00e4re jedoch konstant.\r\n\r\nWird der Schallleistungspegel einer Windkraftanlage bspw. mit 100 dB angegeben, so entspricht dies niemals dem an einem Immissionsort (der Ort der Belastung) ankommenden Schalldruckpegel. Der Wert wird am Belastungsort immer niedriger ausfallen als direkt an der Schallquelle. grau   So entsteht ein Windpark 988 a:3:{i:0;s:11:&#8220;text-normal&#8220;;i:1;s:14:&#8220;flex-accordion&#8220;;i:2;s:11:&#8220;text-normal&#8220;;}    Kurz und knapp Der dB-Wert Dezibel (dB) ist im Gegensatz zum Pascal (Pa) keine Einheit, sondern eine Verh\u00e4ltniszahl. Dabei wird eine gemessene Druckschwankung zu dem Bezugsschalldruck ins Verh\u00e4ltnis gesetzt. Der Bezugsschalldruck ist als H\u00f6rschwelle festgelegt und liegt bei 2*10<sup>-5<\/sup> = 0,00002 Pa.\r\n\r\nBsp.: Eine gemessene Druckschwankung von 2*10<sup>-4<\/sup> Pa wird ins Verh\u00e4ltnis gesetzt zum Bezugsschalldruck. Der Schalldruckpegel in dB errechnet sich dann als L<sub>P<\/sub> = 20*log (2*10<sup>-4<\/sup> Pa\/2*10<sup>-5<\/sup> Pa) = 1 dB. Der Schalldruckpegel entspricht im Beispiel also 1 dB.\r\n\r\nDas Rechnen mit dB-Werten bietet den Vorteil, nicht mit sehr kleinen Zahlen rechnen zu m\u00fcssen. Aber Vorsicht (!): Da es sich bei Dezibel-Werten um logarithmierte Verh\u00e4ltniszahlen handelt, d\u00fcrfen diese nicht einfach addiert oder subtrahiert werden.  H\u00f6rbereich des menschlichen Ohrs Der vom menschlichen Ohr wahrnehmbare Bereich liegt zwischen 20 \u2013 20.000 Hz. Frequenzen kleiner als 20 Hz werden als Infraschall bezeichnet, Frequenzen gr\u00f6\u00dfer als 20.000 Hz als Ultraschall. Die Frequenz beeinflusst au\u00dferdem den Klang des Ger\u00e4uschs oder des Tons: je gr\u00f6\u00dfer die Frequenz desto h\u00f6her klingt das Ger\u00e4usch.\r\n\r\nEine Abbildung zum Wahrnehmungsbereich des menschlichen Ohrs finden Sie in der <a href=\"https:\/\/wm.baden-wuerttemberg.de\/fileadmin\/redaktion\/m-wm\/intern\/Publikationen\/Bauen\/_Staedtebauliche-Laermfibel.pdf\" target=\"_blank\" rel=\"noopener\">St\u00e4dtebaulichen L\u00e4rmfibel des Landes Baden-W\u00fcrttemberg<\/a>, S.34.  Wahrnehmung von Schall h\u00e4ngt nicht nur vom Schallpegel ab Kleine Frequenzen (und damit tiefe Ger\u00e4usche) ben\u00f6tigen einen h\u00f6heren Schalldruckpegel um wahrgenommen zu werden als gro\u00dfe Frequenzen (hohe Ger\u00e4usche). Die Frequenz spielt eine gro\u00dfe Rolle bei der Wahrnehmung von Ger\u00e4uschen und T\u00f6nen.\r\n\r\nBeispiel: ein Ger\u00e4usch mit einer Frequenz von 1.000 Hz wird ab einem Schallpegel von etwa 3 dB h\u00f6rbar. Ger\u00e4usche mit einer Frequenz von 100 Hz werden erst ab einem Schallpegel von mehr als 20 dB wahrgenommen.  Der Schalldruckpegel ist nicht gleich der empfundenen Lautst\u00e4rke F\u00fcr die psychoakustische Gr\u00f6\u00dfe des Lautst\u00e4rkepegels wird die Ma\u00dfeinheit Phon verwendet, da nicht jede Frequenz bei gleichem Schalldruckpegel f\u00fcr unser Geh\u00f6r gleich laut klingt. Bei (f\u00fcr unser Geh\u00f6r) gleicher Lautst\u00e4rke von 40 Phon sind f\u00fcr unterschiedliche Frequenzen (also Tonh\u00f6hen) unterschiedliche Schalldruckpegel n\u00f6tig.\r\n\r\nBeispiel: ein Ger\u00e4usch mit 20 Hz wird bei einem Schalldruckpegel von 100 dB genauso laut empfunden wie ein Ger\u00e4usch mit 1.000 Hz bei einem Schalldruckpegel von 40 dB. Allein die Angabe eines dB-Werts sagt also noch nichts dar\u00fcber aus, wie laut man ein Ger\u00e4usch als Mensch empfindet.  a:5:{i:0;s:13:&#8220;accordion-add&#8220;;i:1;s:13:&#8220;accordion-add&#8220;;i:2;s:13:&#8220;accordion-add&#8220;;i:3;s:13:&#8220;accordion-add&#8220;;i:4;s:13:&#8220;accordion-add&#8220;;} 1  fiftififti rechts Infraschall Der Infraschall geh\u00f6rt zum Frequenzspektrum von Ger\u00e4uschen und bildet Frequenzen kleiner 20 Hz ab. Der menschliche H\u00f6rsinn kann jedoch Ger\u00e4usche erst ab einer Frequenz von etwa 20 Hz erfassen. Generell gilt, je niedriger die Frequenz, desto h\u00f6her muss der Schalldruckpegel sein, um das Ger\u00e4usch \u00fcberhaupt h\u00f6ren zu k\u00f6nnen. Tieffrequente Einwirkungen wie die des Infraschalls bei sehr hohem Schalldruckpegel werden h\u00e4ufig als Ohrendruck oder Vibrationen wahrgenommen. Bei dauerhafter Einwirkung solch hoher Schalldruckpegel k\u00f6nnen Dr\u00f6hn-, Schwingungs- oder Druckgef\u00fchle im Kopf entstehen. Im allt\u00e4glichen Umfeld &#8211; auch in der Umgebung von Windkraftanlagen &#8211;\u00a0 kommen solch hohe Schalldruckpegel jedoch selten vor.\r\n\r\nWeitere Informationen finden Sie auf den Unterseiten <a href=\"https:\/\/www.wpd.de\/windpark-saulheim-partenheim\/faq\/\" target=\"_blank\" rel=\"noopener\">FAQ<\/a> oder <a href=\"https:\/\/www.wpd.de\/windpark-saulheim-partenheim\/sie-fragen-wir-antworten\/\" target=\"_blank\" rel=\"noopener\">Ihre Fragen<\/a> sowie auf der Homepage des <a href=\"https:\/\/www.lubw.baden-wuerttemberg.de\/erneuerbare-energien\/infraschall\" target=\"_blank\" rel=\"noopener\">LUBW<\/a>.  Schatten  Text&#8230; grau      0   0 kein_schmuck 0 0 0    kein_schmuck 0 ","protected":false},"author":16,"featured_media":0,"parent":0,"menu_order":9,"comment_status":"closed","ping_status":"closed","template":"template-flexible-contents.php","meta":{"_acf_changed":false,"footnotes":""},"class_list":["post-334","page","type-page","status-publish","hentry"],"acf":[],"yoast_head":"<!-- This site is optimized with the Yoast SEO plugin v25.4 - https:\/\/yoast.com\/wordpress\/plugins\/seo\/ -->\n<title>Schall und Schatten - Windpark Kemnitz Repowering<\/title>\n<meta name=\"description\" content=\"Schallleistung und Schalldruck: Ursache und Wirkung von Druckschwankungen Die beiden h\u00e4ufigsten und wichtigsten Angaben zum Schallpegel sind die des Schallleistungspegels und Schalldruckpegels. Zum besseren Verst\u00e4ndnis l\u00e4sst si\" \/>\n<meta name=\"robots\" content=\"index, follow, max-snippet:-1, max-image-preview:large, max-video-preview:-1\" \/>\n<link rel=\"canonical\" href=\"https:\/\/www.wpd.de\/windpark-kemnitz\/schall-und-schatten\/\" \/>\n<meta property=\"og:locale\" content=\"de_DE\" \/>\n<meta property=\"og:type\" content=\"article\" \/>\n<meta property=\"og:title\" content=\"Schall und Schatten - Windpark Kemnitz Repowering\" \/>\n<meta property=\"og:description\" content=\"Schallleistung und Schalldruck: Ursache und Wirkung von Druckschwankungen Die beiden h\u00e4ufigsten und wichtigsten Angaben zum Schallpegel sind die des Schallleistungspegels und Schalldruckpegels. Zum besseren Verst\u00e4ndnis l\u00e4sst si\" \/>\n<meta property=\"og:url\" content=\"https:\/\/www.wpd.de\/windpark-kemnitz\/schall-und-schatten\/\" \/>\n<meta property=\"og:site_name\" content=\"Windpark Kemnitz Repowering\" \/>\n<meta property=\"article:modified_time\" content=\"2025-07-22T08:54:46+00:00\" \/>\n<meta name=\"twitter:card\" content=\"summary_large_image\" \/>\n<script type=\"application\/ld+json\" class=\"yoast-schema-graph\">{\"@context\":\"https:\/\/schema.org\",\"@graph\":[{\"@type\":\"WebPage\",\"@id\":\"https:\/\/www.wpd.de\/windpark-kemnitz\/schall-und-schatten\/\",\"url\":\"https:\/\/www.wpd.de\/windpark-kemnitz\/schall-und-schatten\/\",\"name\":\"Schall und Schatten - Windpark Kemnitz Repowering\",\"isPartOf\":{\"@id\":\"https:\/\/www.wpd.de\/windpark-kemnitz\/#website\"},\"datePublished\":\"2025-05-21T10:06:19+00:00\",\"dateModified\":\"2025-07-22T08:54:46+00:00\",\"breadcrumb\":{\"@id\":\"https:\/\/www.wpd.de\/windpark-kemnitz\/schall-und-schatten\/#breadcrumb\"},\"inLanguage\":\"de\",\"potentialAction\":[{\"@type\":\"ReadAction\",\"target\":[\"https:\/\/www.wpd.de\/windpark-kemnitz\/schall-und-schatten\/\"]}]},{\"@type\":\"BreadcrumbList\",\"@id\":\"https:\/\/www.wpd.de\/windpark-kemnitz\/schall-und-schatten\/#breadcrumb\",\"itemListElement\":[{\"@type\":\"ListItem\",\"position\":1,\"name\":\"Startseite\",\"item\":\"https:\/\/www.wpd.de\/windpark-kemnitz\/\"},{\"@type\":\"ListItem\",\"position\":2,\"name\":\"Schall und Schatten\"}]},{\"@type\":\"WebSite\",\"@id\":\"https:\/\/www.wpd.de\/windpark-kemnitz\/#website\",\"url\":\"https:\/\/www.wpd.de\/windpark-kemnitz\/\",\"name\":\"Windpark Kemnitz Repowering\",\"description\":\"Eine weitere wpd.de Websites Website\",\"potentialAction\":[{\"@type\":\"SearchAction\",\"target\":{\"@type\":\"EntryPoint\",\"urlTemplate\":\"https:\/\/www.wpd.de\/windpark-kemnitz\/?s={search_term_string}\"},\"query-input\":{\"@type\":\"PropertyValueSpecification\",\"valueRequired\":true,\"valueName\":\"search_term_string\"}}],\"inLanguage\":\"de\"}]}<\/script>\n<!-- \/ Yoast SEO plugin. -->","yoast_head_json":{"title":"Schall und Schatten - Windpark Kemnitz Repowering","description":"Schallleistung und Schalldruck: Ursache und Wirkung von Druckschwankungen Die beiden h\u00e4ufigsten und wichtigsten Angaben zum Schallpegel sind die des Schallleistungspegels und Schalldruckpegels. Zum besseren Verst\u00e4ndnis l\u00e4sst si","robots":{"index":"index","follow":"follow","max-snippet":"max-snippet:-1","max-image-preview":"max-image-preview:large","max-video-preview":"max-video-preview:-1"},"canonical":"https:\/\/www.wpd.de\/windpark-kemnitz\/schall-und-schatten\/","og_locale":"de_DE","og_type":"article","og_title":"Schall und Schatten - Windpark Kemnitz Repowering","og_description":"Schallleistung und Schalldruck: Ursache und Wirkung von Druckschwankungen Die beiden h\u00e4ufigsten und wichtigsten Angaben zum Schallpegel sind die des Schallleistungspegels und Schalldruckpegels. Zum besseren Verst\u00e4ndnis l\u00e4sst si","og_url":"https:\/\/www.wpd.de\/windpark-kemnitz\/schall-und-schatten\/","og_site_name":"Windpark Kemnitz Repowering","article_modified_time":"2025-07-22T08:54:46+00:00","twitter_card":"summary_large_image","schema":{"@context":"https:\/\/schema.org","@graph":[{"@type":"WebPage","@id":"https:\/\/www.wpd.de\/windpark-kemnitz\/schall-und-schatten\/","url":"https:\/\/www.wpd.de\/windpark-kemnitz\/schall-und-schatten\/","name":"Schall und Schatten - Windpark Kemnitz Repowering","isPartOf":{"@id":"https:\/\/www.wpd.de\/windpark-kemnitz\/#website"},"datePublished":"2025-05-21T10:06:19+00:00","dateModified":"2025-07-22T08:54:46+00:00","breadcrumb":{"@id":"https:\/\/www.wpd.de\/windpark-kemnitz\/schall-und-schatten\/#breadcrumb"},"inLanguage":"de","potentialAction":[{"@type":"ReadAction","target":["https:\/\/www.wpd.de\/windpark-kemnitz\/schall-und-schatten\/"]}]},{"@type":"BreadcrumbList","@id":"https:\/\/www.wpd.de\/windpark-kemnitz\/schall-und-schatten\/#breadcrumb","itemListElement":[{"@type":"ListItem","position":1,"name":"Startseite","item":"https:\/\/www.wpd.de\/windpark-kemnitz\/"},{"@type":"ListItem","position":2,"name":"Schall und Schatten"}]},{"@type":"WebSite","@id":"https:\/\/www.wpd.de\/windpark-kemnitz\/#website","url":"https:\/\/www.wpd.de\/windpark-kemnitz\/","name":"Windpark Kemnitz Repowering","description":"Eine weitere wpd.de Websites Website","potentialAction":[{"@type":"SearchAction","target":{"@type":"EntryPoint","urlTemplate":"https:\/\/www.wpd.de\/windpark-kemnitz\/?s={search_term_string}"},"query-input":{"@type":"PropertyValueSpecification","valueRequired":true,"valueName":"search_term_string"}}],"inLanguage":"de"}]}},"_links":{"self":[{"href":"https:\/\/www.wpd.de\/windpark-kemnitz\/wp-json\/wp\/v2\/pages\/334","targetHints":{"allow":["GET"]}}],"collection":[{"href":"https:\/\/www.wpd.de\/windpark-kemnitz\/wp-json\/wp\/v2\/pages"}],"about":[{"href":"https:\/\/www.wpd.de\/windpark-kemnitz\/wp-json\/wp\/v2\/types\/page"}],"author":[{"embeddable":true,"href":"https:\/\/www.wpd.de\/windpark-kemnitz\/wp-json\/wp\/v2\/users\/16"}],"replies":[{"embeddable":true,"href":"https:\/\/www.wpd.de\/windpark-kemnitz\/wp-json\/wp\/v2\/comments?post=334"}],"version-history":[{"count":127,"href":"https:\/\/www.wpd.de\/windpark-kemnitz\/wp-json\/wp\/v2\/pages\/334\/revisions"}],"predecessor-version":[{"id":3980,"href":"https:\/\/www.wpd.de\/windpark-kemnitz\/wp-json\/wp\/v2\/pages\/334\/revisions\/3980"}],"wp:attachment":[{"href":"https:\/\/www.wpd.de\/windpark-kemnitz\/wp-json\/wp\/v2\/media?parent=334"}],"curies":[{"name":"wp","href":"https:\/\/api.w.org\/{rel}","templated":true}]}}