{"id":2004,"date":"2025-06-06T12:21:49","date_gmt":"2025-06-06T10:21:49","guid":{"rendered":"https:\/\/www.wpd.de\/windpark-kemnitz\/?page_id=2004"},"modified":"2025-07-23T08:53:39","modified_gmt":"2025-07-23T06:53:39","slug":"anwohner","status":"publish","type":"page","link":"https:\/\/www.wpd.de\/windpark-kemnitz\/vorteile\/anwohner\/","title":{"rendered":"Anwohner"},"content":{"rendered":"<p>Vorteile f\u00fcr die Anwohner<\/p>\n","protected":false},"excerpt":{"rendered":"a:1:{i:0;s:11:&#8220;text-normal&#8220;;}     a:1:{i:0;s:0:&#8220;&#8220;;}    <h2>Beteiligung der Anwohner<\/h2>\r\n\r\nDie Errichtung neuer und gr\u00f6\u00dferer Windenergieanlagen bringt insbesondere f\u00fcr die Anwohner der umliegenden Ortsteile Ver\u00e4nderungen mit sich. \r\n\r\nEs gibt verschiedene M\u00f6glichkeiten, um die Anwohner am Projekt zu beteiligen. \r\nDie Betreibergesellschaften der neuen WEA bieten an:\r\n<ul>\r\n \t<li>Zahlung eines steuerfreien Strompreiszuschusses in H\u00f6he von j\u00e4hrlich 150,- Euro pro Haushalt. <\/li>\r\n \t<li>Angebot eines Nachrangdarlehens mit 5 Prozent Verzinsung und einer Laufzeit von wahlweise 5 bis 10 Jahren.<\/li>\r\n \t<li>Abschaltung der WEA bei Schattenwurf auf Wohnh\u00e4user in den Sommermonaten Juni, Juli und August im Zeitraum von 18 bis 21 Uhr.<\/li>\r\n<\/ul>\r\n<h2>Strompreiszuschuss<\/h2>\r\n\r\nDen Haushalten von Beveringen, Kemnitz, Sarnow, Buchholz, Neuhausen und Neuhof wird ein steuerfreier Strompreiszuschuss in H\u00f6he von 150,- Euro pro Jahr angeboten. Daf\u00fcr muss lediglich die Stromrechnung an uns \u00fcbersandt werden, sodass wir die Berechtigung \u00fcber den Wohnsitz in den umliegenden Ortsteilen pr\u00fcfen k\u00f6nnen. Bei \u00dcbermittlung der Kontakt- und Kontodaten wird der Strompreiszuschuss \u00fcberwiesen. Der Strompreiszuschuss w\u00fcrde ab Inbetriebnahme der neuen Windenergieanlagen gezahlt.\r\n\r\n<h2>Nachrangdarlehen<\/h2>\r\nEs wird den Bewohnern im Gemeindegebiet Pritzwalk die Teilnahme am Nachrangdarlehen angeboten. Ein Nachrangdarlehen ist eine Geldanlage, bei der ein Anwohner als Darlehensgeber der Betreibergesellschaft zwischen 500,- und 10.000,- Euro leiht und f\u00fcr diesen Betrag j\u00e4hrliche Zinsen in H\u00f6he von 5 Prozent erh\u00e4lt. Nach Ablauf der vorher vereinbarten Laufzeit (m\u00f6glich sind 5 bis 10 Jahre) erh\u00e4lt der Darlehensgeber den anfangs geliehenen Betrag zur\u00fcck. \r\n\r\nJeder Darlehensgeber schlie\u00dft einen eigenen Vertrag mit der Betreibergesellschaft ab, in dem die Konditionen festgeschrieben werden.\r\n\r\nDas Nachrangdarlehen w\u00fcrde starten, sobald die neuen Windenergieanlagen genehmigt wurden und ein Zuschlagswert im Ausschreibungsverfahren der Bundesnetzagentur erzielt wurde.\r\n\r\n<h2>Zus\u00e4tzliche Schattenabschaltungen im Sommer<\/h2>\r\nUm die Belastung durch Schattenwurf in den Sommermonaten zu minimieren, bieten die Betreibergesellschaften eine Abschaltung der schattenverursachenden Anlagen im Juni, Juli und August zwischen 18 und 21 Uhr an. Das Abschaltmodul in den Anlagen kann so programmiert werden, dass es in diesen Zeitr\u00e4umen einen Abschaltbefehl gibt, wenn es an den vorher festgelegten Wohnh\u00e4usern zu Schattenwurf kommt. \r\n\r\nDiese Abschaltungen w\u00fcrden zus\u00e4tzlich zu den sowieso stattfindenden Abschaltungen zur Einhaltung der gesetzlichen Grenzwerte stattfinden.     kein_schmuck weiss 0 ","protected":false},"author":34,"featured_media":2401,"parent":1699,"menu_order":5,"comment_status":"closed","ping_status":"closed","template":"template-flexible-contents.php","meta":{"_acf_changed":false,"footnotes":""},"class_list":["post-2004","page","type-page","status-publish","has-post-thumbnail","hentry"],"acf":[],"yoast_head":"<!-- This site is optimized with the Yoast SEO plugin v25.4 - https:\/\/yoast.com\/wordpress\/plugins\/seo\/ -->\n<title>Anwohner - Windpark Kemnitz Repowering<\/title>\n<meta name=\"description\" content=\"Beteiligung der Anwohner Die Errichtung neuer und gr\u00f6\u00dferer Windenergieanlagen bringt insbesondere f\u00fcr die Anwohner der umliegenden Ortsteile Ver\u00e4nderungen mit sich. Es gibt verschiedene M\u00f6glichkeiten, um die Anwohner am Proj\" \/>\n<meta name=\"robots\" content=\"index, follow, max-snippet:-1, max-image-preview:large, max-video-preview:-1\" \/>\n<link rel=\"canonical\" href=\"https:\/\/www.wpd.de\/windpark-kemnitz\/vorteile\/anwohner\/\" \/>\n<meta property=\"og:locale\" content=\"de_DE\" \/>\n<meta property=\"og:type\" content=\"article\" \/>\n<meta property=\"og:title\" content=\"Anwohner - Windpark Kemnitz Repowering\" \/>\n<meta property=\"og:description\" content=\"Beteiligung der Anwohner Die Errichtung neuer und gr\u00f6\u00dferer Windenergieanlagen bringt insbesondere f\u00fcr die Anwohner der umliegenden Ortsteile Ver\u00e4nderungen mit sich. Es gibt verschiedene M\u00f6glichkeiten, um die Anwohner am Proj\" \/>\n<meta property=\"og:url\" content=\"https:\/\/www.wpd.de\/windpark-kemnitz\/vorteile\/anwohner\/\" \/>\n<meta property=\"og:site_name\" content=\"Windpark Kemnitz Repowering\" \/>\n<meta property=\"article:modified_time\" content=\"2025-07-23T06:53:39+00:00\" \/>\n<meta property=\"og:image\" content=\"https:\/\/www.wpd.de\/windpark-kemnitz\/wp-content\/uploads\/sites\/12\/2025\/06\/DSC07566-KI_Hut-768x511.png\" \/>\n\t<meta property=\"og:image:width\" content=\"768\" \/>\n\t<meta property=\"og:image:height\" content=\"511\" \/>\n\t<meta property=\"og:image:type\" content=\"image\/png\" \/>\n<meta name=\"twitter:card\" content=\"summary_large_image\" \/>\n<script type=\"application\/ld+json\" class=\"yoast-schema-graph\">{\"@context\":\"https:\/\/schema.org\",\"@graph\":[{\"@type\":\"WebPage\",\"@id\":\"https:\/\/www.wpd.de\/windpark-kemnitz\/vorteile\/anwohner\/\",\"url\":\"https:\/\/www.wpd.de\/windpark-kemnitz\/vorteile\/anwohner\/\",\"name\":\"Anwohner - Windpark Kemnitz Repowering\",\"isPartOf\":{\"@id\":\"https:\/\/www.wpd.de\/windpark-kemnitz\/#website\"},\"primaryImageOfPage\":{\"@id\":\"https:\/\/www.wpd.de\/windpark-kemnitz\/vorteile\/anwohner\/#primaryimage\"},\"image\":{\"@id\":\"https:\/\/www.wpd.de\/windpark-kemnitz\/vorteile\/anwohner\/#primaryimage\"},\"thumbnailUrl\":\"https:\/\/www.wpd.de\/windpark-kemnitz\/wp-content\/uploads\/sites\/12\/2025\/06\/DSC07566-KI_Hut-scaled.png\",\"datePublished\":\"2025-06-06T10:21:49+00:00\",\"dateModified\":\"2025-07-23T06:53:39+00:00\",\"breadcrumb\":{\"@id\":\"https:\/\/www.wpd.de\/windpark-kemnitz\/vorteile\/anwohner\/#breadcrumb\"},\"inLanguage\":\"de\",\"potentialAction\":[{\"@type\":\"ReadAction\",\"target\":[\"https:\/\/www.wpd.de\/windpark-kemnitz\/vorteile\/anwohner\/\"]}]},{\"@type\":\"ImageObject\",\"inLanguage\":\"de\",\"@id\":\"https:\/\/www.wpd.de\/windpark-kemnitz\/vorteile\/anwohner\/#primaryimage\",\"url\":\"https:\/\/www.wpd.de\/windpark-kemnitz\/wp-content\/uploads\/sites\/12\/2025\/06\/DSC07566-KI_Hut-scaled.png\",\"contentUrl\":\"https:\/\/www.wpd.de\/windpark-kemnitz\/wp-content\/uploads\/sites\/12\/2025\/06\/DSC07566-KI_Hut-scaled.png\",\"width\":2560,\"height\":1704},{\"@type\":\"BreadcrumbList\",\"@id\":\"https:\/\/www.wpd.de\/windpark-kemnitz\/vorteile\/anwohner\/#breadcrumb\",\"itemListElement\":[{\"@type\":\"ListItem\",\"position\":1,\"name\":\"Startseite\",\"item\":\"https:\/\/www.wpd.de\/windpark-kemnitz\/\"},{\"@type\":\"ListItem\",\"position\":2,\"name\":\"Angebot\",\"item\":\"https:\/\/www.wpd.de\/windpark-kemnitz\/vorteile\/\"},{\"@type\":\"ListItem\",\"position\":3,\"name\":\"Anwohner\"}]},{\"@type\":\"WebSite\",\"@id\":\"https:\/\/www.wpd.de\/windpark-kemnitz\/#website\",\"url\":\"https:\/\/www.wpd.de\/windpark-kemnitz\/\",\"name\":\"Windpark Kemnitz Repowering\",\"description\":\"Eine weitere wpd.de Websites Website\",\"potentialAction\":[{\"@type\":\"SearchAction\",\"target\":{\"@type\":\"EntryPoint\",\"urlTemplate\":\"https:\/\/www.wpd.de\/windpark-kemnitz\/?s={search_term_string}\"},\"query-input\":{\"@type\":\"PropertyValueSpecification\",\"valueRequired\":true,\"valueName\":\"search_term_string\"}}],\"inLanguage\":\"de\"}]}<\/script>\n<!-- \/ Yoast SEO plugin. -->","yoast_head_json":{"title":"Anwohner - Windpark Kemnitz Repowering","description":"Beteiligung der Anwohner Die Errichtung neuer und gr\u00f6\u00dferer Windenergieanlagen bringt insbesondere f\u00fcr die Anwohner der umliegenden Ortsteile Ver\u00e4nderungen mit sich. Es gibt verschiedene M\u00f6glichkeiten, um die Anwohner am Proj","robots":{"index":"index","follow":"follow","max-snippet":"max-snippet:-1","max-image-preview":"max-image-preview:large","max-video-preview":"max-video-preview:-1"},"canonical":"https:\/\/www.wpd.de\/windpark-kemnitz\/vorteile\/anwohner\/","og_locale":"de_DE","og_type":"article","og_title":"Anwohner - Windpark Kemnitz Repowering","og_description":"Beteiligung der Anwohner Die Errichtung neuer und gr\u00f6\u00dferer Windenergieanlagen bringt insbesondere f\u00fcr die Anwohner der umliegenden Ortsteile Ver\u00e4nderungen mit sich. Es gibt verschiedene M\u00f6glichkeiten, um die Anwohner am Proj","og_url":"https:\/\/www.wpd.de\/windpark-kemnitz\/vorteile\/anwohner\/","og_site_name":"Windpark Kemnitz Repowering","article_modified_time":"2025-07-23T06:53:39+00:00","og_image":[{"width":768,"height":511,"url":"https:\/\/www.wpd.de\/windpark-kemnitz\/wp-content\/uploads\/sites\/12\/2025\/06\/DSC07566-KI_Hut-768x511.png","type":"image\/png"}],"twitter_card":"summary_large_image","schema":{"@context":"https:\/\/schema.org","@graph":[{"@type":"WebPage","@id":"https:\/\/www.wpd.de\/windpark-kemnitz\/vorteile\/anwohner\/","url":"https:\/\/www.wpd.de\/windpark-kemnitz\/vorteile\/anwohner\/","name":"Anwohner - Windpark Kemnitz Repowering","isPartOf":{"@id":"https:\/\/www.wpd.de\/windpark-kemnitz\/#website"},"primaryImageOfPage":{"@id":"https:\/\/www.wpd.de\/windpark-kemnitz\/vorteile\/anwohner\/#primaryimage"},"image":{"@id":"https:\/\/www.wpd.de\/windpark-kemnitz\/vorteile\/anwohner\/#primaryimage"},"thumbnailUrl":"https:\/\/www.wpd.de\/windpark-kemnitz\/wp-content\/uploads\/sites\/12\/2025\/06\/DSC07566-KI_Hut-scaled.png","datePublished":"2025-06-06T10:21:49+00:00","dateModified":"2025-07-23T06:53:39+00:00","breadcrumb":{"@id":"https:\/\/www.wpd.de\/windpark-kemnitz\/vorteile\/anwohner\/#breadcrumb"},"inLanguage":"de","potentialAction":[{"@type":"ReadAction","target":["https:\/\/www.wpd.de\/windpark-kemnitz\/vorteile\/anwohner\/"]}]},{"@type":"ImageObject","inLanguage":"de","@id":"https:\/\/www.wpd.de\/windpark-kemnitz\/vorteile\/anwohner\/#primaryimage","url":"https:\/\/www.wpd.de\/windpark-kemnitz\/wp-content\/uploads\/sites\/12\/2025\/06\/DSC07566-KI_Hut-scaled.png","contentUrl":"https:\/\/www.wpd.de\/windpark-kemnitz\/wp-content\/uploads\/sites\/12\/2025\/06\/DSC07566-KI_Hut-scaled.png","width":2560,"height":1704},{"@type":"BreadcrumbList","@id":"https:\/\/www.wpd.de\/windpark-kemnitz\/vorteile\/anwohner\/#breadcrumb","itemListElement":[{"@type":"ListItem","position":1,"name":"Startseite","item":"https:\/\/www.wpd.de\/windpark-kemnitz\/"},{"@type":"ListItem","position":2,"name":"Angebot","item":"https:\/\/www.wpd.de\/windpark-kemnitz\/vorteile\/"},{"@type":"ListItem","position":3,"name":"Anwohner"}]},{"@type":"WebSite","@id":"https:\/\/www.wpd.de\/windpark-kemnitz\/#website","url":"https:\/\/www.wpd.de\/windpark-kemnitz\/","name":"Windpark Kemnitz Repowering","description":"Eine weitere wpd.de Websites Website","potentialAction":[{"@type":"SearchAction","target":{"@type":"EntryPoint","urlTemplate":"https:\/\/www.wpd.de\/windpark-kemnitz\/?s={search_term_string}"},"query-input":{"@type":"PropertyValueSpecification","valueRequired":true,"valueName":"search_term_string"}}],"inLanguage":"de"}]}},"_links":{"self":[{"href":"https:\/\/www.wpd.de\/windpark-kemnitz\/wp-json\/wp\/v2\/pages\/2004","targetHints":{"allow":["GET"]}}],"collection":[{"href":"https:\/\/www.wpd.de\/windpark-kemnitz\/wp-json\/wp\/v2\/pages"}],"about":[{"href":"https:\/\/www.wpd.de\/windpark-kemnitz\/wp-json\/wp\/v2\/types\/page"}],"author":[{"embeddable":true,"href":"https:\/\/www.wpd.de\/windpark-kemnitz\/wp-json\/wp\/v2\/users\/34"}],"replies":[{"embeddable":true,"href":"https:\/\/www.wpd.de\/windpark-kemnitz\/wp-json\/wp\/v2\/comments?post=2004"}],"version-history":[{"count":43,"href":"https:\/\/www.wpd.de\/windpark-kemnitz\/wp-json\/wp\/v2\/pages\/2004\/revisions"}],"predecessor-version":[{"id":4013,"href":"https:\/\/www.wpd.de\/windpark-kemnitz\/wp-json\/wp\/v2\/pages\/2004\/revisions\/4013"}],"up":[{"embeddable":true,"href":"https:\/\/www.wpd.de\/windpark-kemnitz\/wp-json\/wp\/v2\/pages\/1699"}],"wp:featuredmedia":[{"embeddable":true,"href":"https:\/\/www.wpd.de\/windpark-kemnitz\/wp-json\/wp\/v2\/media\/2401"}],"wp:attachment":[{"href":"https:\/\/www.wpd.de\/windpark-kemnitz\/wp-json\/wp\/v2\/media?parent=2004"}],"curies":[{"name":"wp","href":"https:\/\/api.w.org\/{rel}","templated":true}]}}