{"id":1998,"date":"2025-06-06T12:17:07","date_gmt":"2025-06-06T10:17:07","guid":{"rendered":"https:\/\/www.wpd.de\/windpark-kemnitz\/?page_id=1998"},"modified":"2025-06-17T16:41:18","modified_gmt":"2025-06-17T14:41:18","slug":"beetzendorf","status":"publish","type":"page","link":"https:\/\/www.wpd.de\/windpark-kemnitz\/vorteile\/beetzendorf\/","title":{"rendered":"Beetzendorf"},"content":{"rendered":"<p>Hier werden die Vorteile f\u00fcr die Gemeinde Beetzendorf gesammelt dargestellt.<\/p>\n","protected":false},"excerpt":{"rendered":"    a:1:{i:0;s:0:&#8220;&#8220;;} a:2:{i:0;s:11:&#8220;text-normal&#8220;;i:1;s:11:&#8220;text-normal&#8220;;}  Beetzendorf  <h2>Akzeptanz \u00fcber Beteiligung<\/h2>\r\nDie Gemeinde Beetzendorf ist nicht direkt an der Planung beteiligt, dennoch sind die Anwohner etwa der Ortschaften Siebenlinden, Poppau oder Bandau durch die N\u00e4he zum Windpark betroffen. Als Ausgleich sieht das Land Sachsen-Anhalt eine <strong>finanzielle Beteiligung<\/strong> am Stromerl\u00f6s des Windparks vor, geregelt durch das <a href=\"https:\/\/presse.sachsen-anhalt.de\/staatskanzlei\/2024\/04\/16\/kabinett-beschliesst-akzeptanz-und-beteiligungsgesetz-willingmann-kommunen-werden-unbuerokratisch-am-ausbau-erneuerbarer-energien-beteiligt\" target=\"_blank\" rel=\"noopener\"><em><u>Akzeptanz- und Beteiligungsgesetz<\/u><\/em><\/a>. Die Beteiligung am Stromerl\u00f6s des Windparks \u201eHohenhenningen\u201c f\u00fcr alle Gemeinden zusammen liegt nach aktueller Gesetzgebung und Planung bei ca. <strong>\u00bd Millionen Euro<\/strong>.     kein_schmuck weiss 0    <h2>35 % der Einnahmen f\u00fcr Beetzendorf<\/h2>\r\nEntscheidend f\u00fcr den Anteil an der gesamten finanziellen Zuwendung ist die <strong>geographische<\/strong> <strong>Lage des Windparks<\/strong>. Zur Berechnung wird um den Windpark ein 2,5 Kilometer gro\u00dfer Umkreis gezogen (genau genommen um jedes einzelne Windrad). Der Anteil der so entstandenen Fl\u00e4che, der auf dem Gemeindegebiet Beetzendorf liegt, betr\u00e4gt 35 %. Dadurch erh\u00e4lt die Gemeinde Beetzendorf etwa ein Drittel der \u00bd Millionen Euro. Diese Mittel werden nicht verrechnet mit den Zuwendungen aus Land und Kreis und k\u00f6nnen f\u00fcr sogenannte freiwillige kommunale Aufgaben genutzt werden.  3163 Karte kommunale Beteiligung 3159 0   fiftififti 0 rechts kein_schmuck weiss 1 ","protected":false},"author":34,"featured_media":2375,"parent":1699,"menu_order":2,"comment_status":"closed","ping_status":"closed","template":"template-flexible-contents.php","meta":{"_acf_changed":false,"footnotes":""},"class_list":["post-1998","page","type-page","status-publish","has-post-thumbnail","hentry"],"acf":[],"yoast_head":"<!-- This site is optimized with the Yoast SEO plugin v25.4 - https:\/\/yoast.com\/wordpress\/plugins\/seo\/ -->\n<title>Beetzendorf - Windpark Kemnitz Repowering<\/title>\n<meta name=\"description\" content=\"Akzeptanz \u00fcber Beteiligung Die Gemeinde Beetzendorf ist nicht direkt an der Planung beteiligt, dennoch sind die Anwohner etwa der Ortschaften Siebenlinden, Poppau oder Bandau durch die N\u00e4he zum Windpark betroffen. Als Ausgleich sieh\" \/>\n<meta name=\"robots\" content=\"index, follow, max-snippet:-1, max-image-preview:large, max-video-preview:-1\" \/>\n<link rel=\"canonical\" href=\"https:\/\/www.wpd.de\/windpark-kemnitz\/vorteile\/beetzendorf\/\" \/>\n<meta property=\"og:locale\" content=\"de_DE\" \/>\n<meta property=\"og:type\" content=\"article\" \/>\n<meta property=\"og:title\" content=\"Beetzendorf - Windpark Kemnitz Repowering\" \/>\n<meta property=\"og:description\" content=\"Akzeptanz \u00fcber Beteiligung Die Gemeinde Beetzendorf ist nicht direkt an der Planung beteiligt, dennoch sind die Anwohner etwa der Ortschaften Siebenlinden, Poppau oder Bandau durch die N\u00e4he zum Windpark betroffen. Als Ausgleich sieh\" \/>\n<meta property=\"og:url\" content=\"https:\/\/www.wpd.de\/windpark-kemnitz\/vorteile\/beetzendorf\/\" \/>\n<meta property=\"og:site_name\" content=\"Windpark Kemnitz Repowering\" \/>\n<meta property=\"article:modified_time\" content=\"2025-06-17T14:41:18+00:00\" \/>\n<meta property=\"og:image\" content=\"https:\/\/www.wpd.de\/windpark-kemnitz\/wp-content\/uploads\/sites\/12\/2025\/06\/DJI_0171-scaled.jpg\" \/>\n\t<meta property=\"og:image:width\" content=\"2560\" \/>\n\t<meta property=\"og:image:height\" content=\"1440\" \/>\n\t<meta property=\"og:image:type\" content=\"image\/jpeg\" \/>\n<meta name=\"twitter:card\" content=\"summary_large_image\" \/>\n<script type=\"application\/ld+json\" class=\"yoast-schema-graph\">{\"@context\":\"https:\/\/schema.org\",\"@graph\":[{\"@type\":\"WebPage\",\"@id\":\"https:\/\/www.wpd.de\/windpark-kemnitz\/vorteile\/beetzendorf\/\",\"url\":\"https:\/\/www.wpd.de\/windpark-kemnitz\/vorteile\/beetzendorf\/\",\"name\":\"Beetzendorf - Windpark Kemnitz Repowering\",\"isPartOf\":{\"@id\":\"https:\/\/www.wpd.de\/windpark-kemnitz\/#website\"},\"primaryImageOfPage\":{\"@id\":\"https:\/\/www.wpd.de\/windpark-kemnitz\/vorteile\/beetzendorf\/#primaryimage\"},\"image\":{\"@id\":\"https:\/\/www.wpd.de\/windpark-kemnitz\/vorteile\/beetzendorf\/#primaryimage\"},\"thumbnailUrl\":\"https:\/\/www.wpd.de\/windpark-kemnitz\/wp-content\/uploads\/sites\/12\/2025\/06\/DJI_0171-scaled.jpg\",\"datePublished\":\"2025-06-06T10:17:07+00:00\",\"dateModified\":\"2025-06-17T14:41:18+00:00\",\"breadcrumb\":{\"@id\":\"https:\/\/www.wpd.de\/windpark-kemnitz\/vorteile\/beetzendorf\/#breadcrumb\"},\"inLanguage\":\"de\",\"potentialAction\":[{\"@type\":\"ReadAction\",\"target\":[\"https:\/\/www.wpd.de\/windpark-kemnitz\/vorteile\/beetzendorf\/\"]}]},{\"@type\":\"ImageObject\",\"inLanguage\":\"de\",\"@id\":\"https:\/\/www.wpd.de\/windpark-kemnitz\/vorteile\/beetzendorf\/#primaryimage\",\"url\":\"https:\/\/www.wpd.de\/windpark-kemnitz\/wp-content\/uploads\/sites\/12\/2025\/06\/DJI_0171-scaled.jpg\",\"contentUrl\":\"https:\/\/www.wpd.de\/windpark-kemnitz\/wp-content\/uploads\/sites\/12\/2025\/06\/DJI_0171-scaled.jpg\",\"width\":2560,\"height\":1440,\"caption\":\"default\"},{\"@type\":\"BreadcrumbList\",\"@id\":\"https:\/\/www.wpd.de\/windpark-kemnitz\/vorteile\/beetzendorf\/#breadcrumb\",\"itemListElement\":[{\"@type\":\"ListItem\",\"position\":1,\"name\":\"Startseite\",\"item\":\"https:\/\/www.wpd.de\/windpark-kemnitz\/\"},{\"@type\":\"ListItem\",\"position\":2,\"name\":\"Angebot\",\"item\":\"https:\/\/www.wpd.de\/windpark-kemnitz\/vorteile\/\"},{\"@type\":\"ListItem\",\"position\":3,\"name\":\"Beetzendorf\"}]},{\"@type\":\"WebSite\",\"@id\":\"https:\/\/www.wpd.de\/windpark-kemnitz\/#website\",\"url\":\"https:\/\/www.wpd.de\/windpark-kemnitz\/\",\"name\":\"Windpark Kemnitz Repowering\",\"description\":\"Eine weitere wpd.de Websites Website\",\"potentialAction\":[{\"@type\":\"SearchAction\",\"target\":{\"@type\":\"EntryPoint\",\"urlTemplate\":\"https:\/\/www.wpd.de\/windpark-kemnitz\/?s={search_term_string}\"},\"query-input\":{\"@type\":\"PropertyValueSpecification\",\"valueRequired\":true,\"valueName\":\"search_term_string\"}}],\"inLanguage\":\"de\"}]}<\/script>\n<!-- \/ Yoast SEO plugin. -->","yoast_head_json":{"title":"Beetzendorf - Windpark Kemnitz Repowering","description":"Akzeptanz \u00fcber Beteiligung Die Gemeinde Beetzendorf ist nicht direkt an der Planung beteiligt, dennoch sind die Anwohner etwa der Ortschaften Siebenlinden, Poppau oder Bandau durch die N\u00e4he zum Windpark betroffen. Als Ausgleich sieh","robots":{"index":"index","follow":"follow","max-snippet":"max-snippet:-1","max-image-preview":"max-image-preview:large","max-video-preview":"max-video-preview:-1"},"canonical":"https:\/\/www.wpd.de\/windpark-kemnitz\/vorteile\/beetzendorf\/","og_locale":"de_DE","og_type":"article","og_title":"Beetzendorf - Windpark Kemnitz Repowering","og_description":"Akzeptanz \u00fcber Beteiligung Die Gemeinde Beetzendorf ist nicht direkt an der Planung beteiligt, dennoch sind die Anwohner etwa der Ortschaften Siebenlinden, Poppau oder Bandau durch die N\u00e4he zum Windpark betroffen. Als Ausgleich sieh","og_url":"https:\/\/www.wpd.de\/windpark-kemnitz\/vorteile\/beetzendorf\/","og_site_name":"Windpark Kemnitz Repowering","article_modified_time":"2025-06-17T14:41:18+00:00","og_image":[{"width":2560,"height":1440,"url":"https:\/\/www.wpd.de\/windpark-kemnitz\/wp-content\/uploads\/sites\/12\/2025\/06\/DJI_0171-scaled.jpg","type":"image\/jpeg"}],"twitter_card":"summary_large_image","schema":{"@context":"https:\/\/schema.org","@graph":[{"@type":"WebPage","@id":"https:\/\/www.wpd.de\/windpark-kemnitz\/vorteile\/beetzendorf\/","url":"https:\/\/www.wpd.de\/windpark-kemnitz\/vorteile\/beetzendorf\/","name":"Beetzendorf - Windpark Kemnitz Repowering","isPartOf":{"@id":"https:\/\/www.wpd.de\/windpark-kemnitz\/#website"},"primaryImageOfPage":{"@id":"https:\/\/www.wpd.de\/windpark-kemnitz\/vorteile\/beetzendorf\/#primaryimage"},"image":{"@id":"https:\/\/www.wpd.de\/windpark-kemnitz\/vorteile\/beetzendorf\/#primaryimage"},"thumbnailUrl":"https:\/\/www.wpd.de\/windpark-kemnitz\/wp-content\/uploads\/sites\/12\/2025\/06\/DJI_0171-scaled.jpg","datePublished":"2025-06-06T10:17:07+00:00","dateModified":"2025-06-17T14:41:18+00:00","breadcrumb":{"@id":"https:\/\/www.wpd.de\/windpark-kemnitz\/vorteile\/beetzendorf\/#breadcrumb"},"inLanguage":"de","potentialAction":[{"@type":"ReadAction","target":["https:\/\/www.wpd.de\/windpark-kemnitz\/vorteile\/beetzendorf\/"]}]},{"@type":"ImageObject","inLanguage":"de","@id":"https:\/\/www.wpd.de\/windpark-kemnitz\/vorteile\/beetzendorf\/#primaryimage","url":"https:\/\/www.wpd.de\/windpark-kemnitz\/wp-content\/uploads\/sites\/12\/2025\/06\/DJI_0171-scaled.jpg","contentUrl":"https:\/\/www.wpd.de\/windpark-kemnitz\/wp-content\/uploads\/sites\/12\/2025\/06\/DJI_0171-scaled.jpg","width":2560,"height":1440,"caption":"default"},{"@type":"BreadcrumbList","@id":"https:\/\/www.wpd.de\/windpark-kemnitz\/vorteile\/beetzendorf\/#breadcrumb","itemListElement":[{"@type":"ListItem","position":1,"name":"Startseite","item":"https:\/\/www.wpd.de\/windpark-kemnitz\/"},{"@type":"ListItem","position":2,"name":"Angebot","item":"https:\/\/www.wpd.de\/windpark-kemnitz\/vorteile\/"},{"@type":"ListItem","position":3,"name":"Beetzendorf"}]},{"@type":"WebSite","@id":"https:\/\/www.wpd.de\/windpark-kemnitz\/#website","url":"https:\/\/www.wpd.de\/windpark-kemnitz\/","name":"Windpark Kemnitz Repowering","description":"Eine weitere wpd.de Websites Website","potentialAction":[{"@type":"SearchAction","target":{"@type":"EntryPoint","urlTemplate":"https:\/\/www.wpd.de\/windpark-kemnitz\/?s={search_term_string}"},"query-input":{"@type":"PropertyValueSpecification","valueRequired":true,"valueName":"search_term_string"}}],"inLanguage":"de"}]}},"_links":{"self":[{"href":"https:\/\/www.wpd.de\/windpark-kemnitz\/wp-json\/wp\/v2\/pages\/1998","targetHints":{"allow":["GET"]}}],"collection":[{"href":"https:\/\/www.wpd.de\/windpark-kemnitz\/wp-json\/wp\/v2\/pages"}],"about":[{"href":"https:\/\/www.wpd.de\/windpark-kemnitz\/wp-json\/wp\/v2\/types\/page"}],"author":[{"embeddable":true,"href":"https:\/\/www.wpd.de\/windpark-kemnitz\/wp-json\/wp\/v2\/users\/34"}],"replies":[{"embeddable":true,"href":"https:\/\/www.wpd.de\/windpark-kemnitz\/wp-json\/wp\/v2\/comments?post=1998"}],"version-history":[{"count":20,"href":"https:\/\/www.wpd.de\/windpark-kemnitz\/wp-json\/wp\/v2\/pages\/1998\/revisions"}],"predecessor-version":[{"id":3360,"href":"https:\/\/www.wpd.de\/windpark-kemnitz\/wp-json\/wp\/v2\/pages\/1998\/revisions\/3360"}],"up":[{"embeddable":true,"href":"https:\/\/www.wpd.de\/windpark-kemnitz\/wp-json\/wp\/v2\/pages\/1699"}],"wp:featuredmedia":[{"embeddable":true,"href":"https:\/\/www.wpd.de\/windpark-kemnitz\/wp-json\/wp\/v2\/media\/2375"}],"wp:attachment":[{"href":"https:\/\/www.wpd.de\/windpark-kemnitz\/wp-json\/wp\/v2\/media?parent=1998"}],"curies":[{"name":"wp","href":"https:\/\/api.w.org\/{rel}","templated":true}]}}