{"id":1996,"date":"2025-06-06T12:16:42","date_gmt":"2025-06-06T10:16:42","guid":{"rendered":"https:\/\/www.wpd.de\/windpark-kemnitz\/?page_id=1996"},"modified":"2025-06-18T15:26:33","modified_gmt":"2025-06-18T13:26:33","slug":"gemeinde-kloetze","status":"publish","type":"page","link":"https:\/\/www.wpd.de\/windpark-kemnitz\/vorteile\/gemeinde-kloetze\/","title":{"rendered":"Kl\u00f6tze"},"content":{"rendered":"<p>Hier werden die Vorteile f\u00fcr die Gemeinde Kl\u00f6tze gesammelt dargestellt.<\/p>\n","protected":false},"excerpt":{"rendered":"a:2:{i:0;s:11:&#8220;text-normal&#8220;;i:1;s:11:&#8220;text-normal&#8220;;}     a:1:{i:0;s:0:&#8220;&#8220;;}  Kl\u00f6tze  <h2>Akzeptanz \u00fcber Beteiligung<\/h2>\r\nAnwohner sehen und h\u00f6ren die Windr\u00e4der \u2013 und tragen so eine Hauptlast beim \u00dcbergang zur klimaneutralen Stromversorgung in Deutschland. Als Ausgleich sieht das Land Sachsen-Anhalt eine <strong>finanzielle Beteiligung<\/strong> am Stromerl\u00f6s des Windparks vor, geregelt durch das <a href=\"https:\/\/presse.sachsen-anhalt.de\/staatskanzlei\/2024\/04\/16\/kabinett-beschliesst-akzeptanz-und-beteiligungsgesetz-willingmann-kommunen-werden-unbuerokratisch-am-ausbau-erneuerbarer-energien-beteiligt\" target=\"_blank\" rel=\"noopener\"><em><u>Akzeptanz- und Beteiligungsgesetzt<\/u><\/em><\/a>. Die Beteiligung am Stromerl\u00f6s des Windparks \u201eHohenhenningen\u201c f\u00fcr alle benachbarten Gemeinden liegt nach aktueller Gesetzgebung und Planung bei ca. <strong>\u00bd Millionen Euro<\/strong>.     kein_schmuck weiss 0  \u00dcber 50 % der Einnahmen gehen nach Kl\u00f6tze!  <h2><!--StartFragment --><span class=\"cf0\">Welche Projekte k\u00f6nnten durch den Windpark finanziell unterst\u00fctzt werden<\/span>?<\/h2>\r\nDie Mittel aus dem Windpark werden nicht verrechnet mit den Zuwendungen und Umlagen aus Land und Kreis und k\u00f6nnen etwa f\u00fcr folgende freiwillige Aufgaben genutzt\u00a0werden:\r\n<ul>\r\n \t<li>Erhalt des Waldbades, der Bibliotheken und des Tierparks<\/li>\r\n \t<li>Erhalt und Sanierung der Dorfgemeinschaftsh\u00e4user und S\u00e4le<\/li>\r\n \t<li>Erhalt und Sanierung unserer Sporthallen und Sportpl\u00e4tze<\/li>\r\n \t<li>Ortsbudget und Vereins- und Kulturf\u00f6rderung<\/li>\r\n<\/ul>  3163 3159  kein_schmuck weiss 1 0  zweidritteltext 0 rechts 0  fiftififti 0 rechts Karte kommunale Beteiligung ","protected":false},"author":34,"featured_media":3478,"parent":1699,"menu_order":1,"comment_status":"closed","ping_status":"closed","template":"template-flexible-contents.php","meta":{"_acf_changed":false,"footnotes":""},"class_list":["post-1996","page","type-page","status-publish","has-post-thumbnail","hentry"],"acf":[],"yoast_head":"<!-- This site is optimized with the Yoast SEO plugin v25.4 - https:\/\/yoast.com\/wordpress\/plugins\/seo\/ -->\n<title>Kl\u00f6tze - Windpark Kemnitz Repowering<\/title>\n<meta name=\"description\" content=\"Akzeptanz \u00fcber Beteiligung Anwohner sehen und h\u00f6ren die Windr\u00e4der \u2013 und tragen so eine Hauptlast beim \u00dcbergang zur klimaneutralen Stromversorgung in Deutschland. Als Ausgleich sieht das Land Sachsen-Anhalt eine finanzielle B\" \/>\n<meta name=\"robots\" content=\"index, follow, max-snippet:-1, max-image-preview:large, max-video-preview:-1\" \/>\n<link rel=\"canonical\" href=\"https:\/\/www.wpd.de\/windpark-kemnitz\/vorteile\/gemeinde-kloetze\/\" \/>\n<meta property=\"og:locale\" content=\"de_DE\" \/>\n<meta property=\"og:type\" content=\"article\" \/>\n<meta property=\"og:title\" content=\"Kl\u00f6tze - Windpark Kemnitz Repowering\" \/>\n<meta property=\"og:description\" content=\"Akzeptanz \u00fcber Beteiligung Anwohner sehen und h\u00f6ren die Windr\u00e4der \u2013 und tragen so eine Hauptlast beim \u00dcbergang zur klimaneutralen Stromversorgung in Deutschland. Als Ausgleich sieht das Land Sachsen-Anhalt eine finanzielle B\" \/>\n<meta property=\"og:url\" content=\"https:\/\/www.wpd.de\/windpark-kemnitz\/vorteile\/gemeinde-kloetze\/\" \/>\n<meta property=\"og:site_name\" content=\"Windpark Kemnitz Repowering\" \/>\n<meta property=\"article:modified_time\" content=\"2025-06-18T13:26:33+00:00\" \/>\n<meta property=\"og:image\" content=\"https:\/\/www.wpd.de\/windpark-kemnitz\/wp-content\/uploads\/sites\/12\/2025\/06\/4d481189-3bc2-44d7-a460-c79739ac89be1_zug-scaled.jpg\" \/>\n\t<meta property=\"og:image:width\" content=\"2560\" \/>\n\t<meta property=\"og:image:height\" content=\"1277\" \/>\n\t<meta property=\"og:image:type\" content=\"image\/jpeg\" \/>\n<meta name=\"twitter:card\" content=\"summary_large_image\" \/>\n<script type=\"application\/ld+json\" class=\"yoast-schema-graph\">{\"@context\":\"https:\/\/schema.org\",\"@graph\":[{\"@type\":\"WebPage\",\"@id\":\"https:\/\/www.wpd.de\/windpark-kemnitz\/vorteile\/gemeinde-kloetze\/\",\"url\":\"https:\/\/www.wpd.de\/windpark-kemnitz\/vorteile\/gemeinde-kloetze\/\",\"name\":\"Kl\u00f6tze - Windpark Kemnitz Repowering\",\"isPartOf\":{\"@id\":\"https:\/\/www.wpd.de\/windpark-kemnitz\/#website\"},\"primaryImageOfPage\":{\"@id\":\"https:\/\/www.wpd.de\/windpark-kemnitz\/vorteile\/gemeinde-kloetze\/#primaryimage\"},\"image\":{\"@id\":\"https:\/\/www.wpd.de\/windpark-kemnitz\/vorteile\/gemeinde-kloetze\/#primaryimage\"},\"thumbnailUrl\":\"https:\/\/www.wpd.de\/windpark-kemnitz\/wp-content\/uploads\/sites\/12\/2025\/06\/4d481189-3bc2-44d7-a460-c79739ac89be1_zug-scaled.jpg\",\"datePublished\":\"2025-06-06T10:16:42+00:00\",\"dateModified\":\"2025-06-18T13:26:33+00:00\",\"breadcrumb\":{\"@id\":\"https:\/\/www.wpd.de\/windpark-kemnitz\/vorteile\/gemeinde-kloetze\/#breadcrumb\"},\"inLanguage\":\"de\",\"potentialAction\":[{\"@type\":\"ReadAction\",\"target\":[\"https:\/\/www.wpd.de\/windpark-kemnitz\/vorteile\/gemeinde-kloetze\/\"]}]},{\"@type\":\"ImageObject\",\"inLanguage\":\"de\",\"@id\":\"https:\/\/www.wpd.de\/windpark-kemnitz\/vorteile\/gemeinde-kloetze\/#primaryimage\",\"url\":\"https:\/\/www.wpd.de\/windpark-kemnitz\/wp-content\/uploads\/sites\/12\/2025\/06\/4d481189-3bc2-44d7-a460-c79739ac89be1_zug-scaled.jpg\",\"contentUrl\":\"https:\/\/www.wpd.de\/windpark-kemnitz\/wp-content\/uploads\/sites\/12\/2025\/06\/4d481189-3bc2-44d7-a460-c79739ac89be1_zug-scaled.jpg\",\"width\":2560,\"height\":1277},{\"@type\":\"BreadcrumbList\",\"@id\":\"https:\/\/www.wpd.de\/windpark-kemnitz\/vorteile\/gemeinde-kloetze\/#breadcrumb\",\"itemListElement\":[{\"@type\":\"ListItem\",\"position\":1,\"name\":\"Startseite\",\"item\":\"https:\/\/www.wpd.de\/windpark-kemnitz\/\"},{\"@type\":\"ListItem\",\"position\":2,\"name\":\"Angebot\",\"item\":\"https:\/\/www.wpd.de\/windpark-kemnitz\/vorteile\/\"},{\"@type\":\"ListItem\",\"position\":3,\"name\":\"Kl\u00f6tze\"}]},{\"@type\":\"WebSite\",\"@id\":\"https:\/\/www.wpd.de\/windpark-kemnitz\/#website\",\"url\":\"https:\/\/www.wpd.de\/windpark-kemnitz\/\",\"name\":\"Windpark Kemnitz Repowering\",\"description\":\"Eine weitere wpd.de Websites Website\",\"potentialAction\":[{\"@type\":\"SearchAction\",\"target\":{\"@type\":\"EntryPoint\",\"urlTemplate\":\"https:\/\/www.wpd.de\/windpark-kemnitz\/?s={search_term_string}\"},\"query-input\":{\"@type\":\"PropertyValueSpecification\",\"valueRequired\":true,\"valueName\":\"search_term_string\"}}],\"inLanguage\":\"de\"}]}<\/script>\n<!-- \/ Yoast SEO plugin. -->","yoast_head_json":{"title":"Kl\u00f6tze - Windpark Kemnitz Repowering","description":"Akzeptanz \u00fcber Beteiligung Anwohner sehen und h\u00f6ren die Windr\u00e4der \u2013 und tragen so eine Hauptlast beim \u00dcbergang zur klimaneutralen Stromversorgung in Deutschland. Als Ausgleich sieht das Land Sachsen-Anhalt eine finanzielle B","robots":{"index":"index","follow":"follow","max-snippet":"max-snippet:-1","max-image-preview":"max-image-preview:large","max-video-preview":"max-video-preview:-1"},"canonical":"https:\/\/www.wpd.de\/windpark-kemnitz\/vorteile\/gemeinde-kloetze\/","og_locale":"de_DE","og_type":"article","og_title":"Kl\u00f6tze - Windpark Kemnitz Repowering","og_description":"Akzeptanz \u00fcber Beteiligung Anwohner sehen und h\u00f6ren die Windr\u00e4der \u2013 und tragen so eine Hauptlast beim \u00dcbergang zur klimaneutralen Stromversorgung in Deutschland. Als Ausgleich sieht das Land Sachsen-Anhalt eine finanzielle B","og_url":"https:\/\/www.wpd.de\/windpark-kemnitz\/vorteile\/gemeinde-kloetze\/","og_site_name":"Windpark Kemnitz Repowering","article_modified_time":"2025-06-18T13:26:33+00:00","og_image":[{"width":2560,"height":1277,"url":"https:\/\/www.wpd.de\/windpark-kemnitz\/wp-content\/uploads\/sites\/12\/2025\/06\/4d481189-3bc2-44d7-a460-c79739ac89be1_zug-scaled.jpg","type":"image\/jpeg"}],"twitter_card":"summary_large_image","schema":{"@context":"https:\/\/schema.org","@graph":[{"@type":"WebPage","@id":"https:\/\/www.wpd.de\/windpark-kemnitz\/vorteile\/gemeinde-kloetze\/","url":"https:\/\/www.wpd.de\/windpark-kemnitz\/vorteile\/gemeinde-kloetze\/","name":"Kl\u00f6tze - Windpark Kemnitz Repowering","isPartOf":{"@id":"https:\/\/www.wpd.de\/windpark-kemnitz\/#website"},"primaryImageOfPage":{"@id":"https:\/\/www.wpd.de\/windpark-kemnitz\/vorteile\/gemeinde-kloetze\/#primaryimage"},"image":{"@id":"https:\/\/www.wpd.de\/windpark-kemnitz\/vorteile\/gemeinde-kloetze\/#primaryimage"},"thumbnailUrl":"https:\/\/www.wpd.de\/windpark-kemnitz\/wp-content\/uploads\/sites\/12\/2025\/06\/4d481189-3bc2-44d7-a460-c79739ac89be1_zug-scaled.jpg","datePublished":"2025-06-06T10:16:42+00:00","dateModified":"2025-06-18T13:26:33+00:00","breadcrumb":{"@id":"https:\/\/www.wpd.de\/windpark-kemnitz\/vorteile\/gemeinde-kloetze\/#breadcrumb"},"inLanguage":"de","potentialAction":[{"@type":"ReadAction","target":["https:\/\/www.wpd.de\/windpark-kemnitz\/vorteile\/gemeinde-kloetze\/"]}]},{"@type":"ImageObject","inLanguage":"de","@id":"https:\/\/www.wpd.de\/windpark-kemnitz\/vorteile\/gemeinde-kloetze\/#primaryimage","url":"https:\/\/www.wpd.de\/windpark-kemnitz\/wp-content\/uploads\/sites\/12\/2025\/06\/4d481189-3bc2-44d7-a460-c79739ac89be1_zug-scaled.jpg","contentUrl":"https:\/\/www.wpd.de\/windpark-kemnitz\/wp-content\/uploads\/sites\/12\/2025\/06\/4d481189-3bc2-44d7-a460-c79739ac89be1_zug-scaled.jpg","width":2560,"height":1277},{"@type":"BreadcrumbList","@id":"https:\/\/www.wpd.de\/windpark-kemnitz\/vorteile\/gemeinde-kloetze\/#breadcrumb","itemListElement":[{"@type":"ListItem","position":1,"name":"Startseite","item":"https:\/\/www.wpd.de\/windpark-kemnitz\/"},{"@type":"ListItem","position":2,"name":"Angebot","item":"https:\/\/www.wpd.de\/windpark-kemnitz\/vorteile\/"},{"@type":"ListItem","position":3,"name":"Kl\u00f6tze"}]},{"@type":"WebSite","@id":"https:\/\/www.wpd.de\/windpark-kemnitz\/#website","url":"https:\/\/www.wpd.de\/windpark-kemnitz\/","name":"Windpark Kemnitz Repowering","description":"Eine weitere wpd.de Websites Website","potentialAction":[{"@type":"SearchAction","target":{"@type":"EntryPoint","urlTemplate":"https:\/\/www.wpd.de\/windpark-kemnitz\/?s={search_term_string}"},"query-input":{"@type":"PropertyValueSpecification","valueRequired":true,"valueName":"search_term_string"}}],"inLanguage":"de"}]}},"_links":{"self":[{"href":"https:\/\/www.wpd.de\/windpark-kemnitz\/wp-json\/wp\/v2\/pages\/1996","targetHints":{"allow":["GET"]}}],"collection":[{"href":"https:\/\/www.wpd.de\/windpark-kemnitz\/wp-json\/wp\/v2\/pages"}],"about":[{"href":"https:\/\/www.wpd.de\/windpark-kemnitz\/wp-json\/wp\/v2\/types\/page"}],"author":[{"embeddable":true,"href":"https:\/\/www.wpd.de\/windpark-kemnitz\/wp-json\/wp\/v2\/users\/34"}],"replies":[{"embeddable":true,"href":"https:\/\/www.wpd.de\/windpark-kemnitz\/wp-json\/wp\/v2\/comments?post=1996"}],"version-history":[{"count":90,"href":"https:\/\/www.wpd.de\/windpark-kemnitz\/wp-json\/wp\/v2\/pages\/1996\/revisions"}],"predecessor-version":[{"id":3487,"href":"https:\/\/www.wpd.de\/windpark-kemnitz\/wp-json\/wp\/v2\/pages\/1996\/revisions\/3487"}],"up":[{"embeddable":true,"href":"https:\/\/www.wpd.de\/windpark-kemnitz\/wp-json\/wp\/v2\/pages\/1699"}],"wp:featuredmedia":[{"embeddable":true,"href":"https:\/\/www.wpd.de\/windpark-kemnitz\/wp-json\/wp\/v2\/media\/3478"}],"wp:attachment":[{"href":"https:\/\/www.wpd.de\/windpark-kemnitz\/wp-json\/wp\/v2\/media?parent=1996"}],"curies":[{"name":"wp","href":"https:\/\/api.w.org\/{rel}","templated":true}]}}