{"id":1344,"date":"2025-05-21T12:06:19","date_gmt":"2025-05-21T10:06:19","guid":{"rendered":"https:\/\/www.wpd.de\/windpark-saulheim-partenheim\/?page_id=1344"},"modified":"2025-06-18T12:01:12","modified_gmt":"2025-06-18T10:01:12","slug":"brandschutz","status":"publish","type":"page","link":"https:\/\/www.wpd.de\/windpark-kemnitz\/wissenswertes\/mensch-und-gesundheit\/brandschutz\/","title":{"rendered":"Brandschutz"},"content":{"rendered":"","protected":false},"excerpt":{"rendered":"a:1:{i:0;s:0:&#8220;&#8220;;} Brandschutz <strong>Brandschutzanforderungen<\/strong>\r\n\r\nDas <strong>Bundesimmissionsschutzgesetz (BImSchG)<\/strong> regelt die Genehmigung von Windenergieanlagen mit Fokus auf Umwelt- und <strong>Brandschutz<\/strong>. Die <strong>Landesbauordnung<\/strong> bestimmt die konkreten Brandschutzvorgaben.\r\n\r\nIm Genehmigungsverfahren ist ein <strong>Brandschutzkonzept<\/strong> vorzulegen, das bauliche (z. B. Sicherheitsabst\u00e4nde, Rettungswege), anlagentechnische (z. B. Brandmeldeanlagen), organisatorische (z. B. Alarmierung von Feuerwehr) und abwehrende Ma\u00dfnahmen (z. B. L\u00f6schwasserversorgung) umfasst. Vor Inbetriebnahme wird zudem ein <strong>Feuerwehrplan<\/strong> erstellt und die Feuerwehr eingewiesen. weiss    a:4:{i:0;s:11:&#8220;text-normal&#8220;;i:1;s:11:&#8220;text-normal&#8220;;i:2;s:11:&#8220;text-normal&#8220;;i:3;s:11:&#8220;text-normal&#8220;;}        kein_schmuck 0    <strong>Sicherheitstechnik und \u00dcberwachung<\/strong>\r\n\r\nModerne Windenergieanlagen verf\u00fcgen \u00fcber umfangreiche <strong>Sicherheitstechnik<\/strong> (Blitzschutz, Brandmeldeanlage). \u00dcber eine <strong>24\/7-Leitwarte<\/strong> werden alle Anlagen \u00fcberwacht. Bei Brand l\u00f6st die Brandmeldeanlage automatisch Alarm aus, schaltet die Anlage ab und informiert die Leitwarte.   2577 0   zweidritteltext 1 links kein_schmuck weiss 1    <strong>Brandbek\u00e4mpfung<\/strong>\r\n\r\nBr\u00e4nde im Maschinenhaus k\u00f6nnen wegen der baulichen Gegebenheiten bzw. der H\u00f6he der Anlagen von der Feuerwehr nicht direkt gel\u00f6scht werden. Stattdessen wird ein kontrolliertes <strong>Abbrennen<\/strong> und L\u00f6schen herabfallender Teile verfolgt, um den Schutz der umliegenden <strong>Land- und Forstfl\u00e4chen<\/strong> sicherzustellen.    0   zweidritteltext 1 links kein_schmuck weiss 1    Zum Nachlesen:\r\n\r\nBWE Landesverband Nordrhein-Westfalen (2015): Windenergie im Fokus. Mythen und Wahrheiten, online unter:\u00a0<a href=\"https:\/\/www.lee-nrw.de\/wp-content\/uploads\/2015\/10\/140217_bwe_nrw_argument_web.pdf\">140217_bwe_nrw_argument_web.pdf (lee-nrw.de)<\/a>, abgerufen am 20.08.2021\r\n\r\nHessisches Ministerium f\u00fcr Wirtschaft, Energie, Verkehr und Landesentwicklung (2018): Faktenpapier Sicherheit von Windenergieanlagen, B\u00fcrgerforum Energieland Hessen, online unter:\u00a0<a href=\"https:\/\/www.energieland.hessen.de\/bfeh\/giessen_06_06_2018\/Faktenpapier_Sicherheit_Windenergieanlagen_2018.pdf\">Faktenpapier_Sicherheit_Windenergieanlagen_2018.pdf (hessen.de)<\/a>, abgerufen am 20.08.2021\r\n\r\nLettmann, A., Sesselmann, J., Kawohl, A. (2018). Brandschutztechnische Risikobewertung von Onshore-Windenergieanlagen. Stahlbau, 87 (1), S. 12f.     kein_schmuck grau 0 ","protected":false},"author":1,"featured_media":2226,"parent":1197,"menu_order":9,"comment_status":"closed","ping_status":"closed","template":"template-flexible-contents.php","meta":{"_acf_changed":false,"footnotes":""},"class_list":["post-1344","page","type-page","status-publish","has-post-thumbnail","hentry"],"acf":[],"yoast_head":"<!-- This site is optimized with the Yoast SEO plugin v25.4 - https:\/\/yoast.com\/wordpress\/plugins\/seo\/ -->\n<title>Brandschutz - Windpark Kemnitz Repowering<\/title>\n<meta name=\"description\" content=\"Brandschutzanforderungen Das Bundesimmissionsschutzgesetz (BImSchG) regelt die Genehmigung von Windenergieanlagen mit Fokus auf Umwelt- und Brandschutz. Die Landesbauordnung&lt;\/\" \/>\n<meta name=\"robots\" content=\"index, follow, max-snippet:-1, max-image-preview:large, max-video-preview:-1\" \/>\n<link rel=\"canonical\" href=\"https:\/\/www.wpd.de\/windpark-kemnitz\/wissenswertes\/mensch-und-gesundheit\/brandschutz\/\" \/>\n<meta property=\"og:locale\" content=\"de_DE\" \/>\n<meta property=\"og:type\" content=\"article\" \/>\n<meta property=\"og:title\" content=\"Brandschutz - Windpark Kemnitz Repowering\" \/>\n<meta property=\"og:description\" content=\"Brandschutzanforderungen Das Bundesimmissionsschutzgesetz (BImSchG) regelt die Genehmigung von Windenergieanlagen mit Fokus auf Umwelt- und Brandschutz. Die Landesbauordnung&lt;\/\" \/>\n<meta property=\"og:url\" content=\"https:\/\/www.wpd.de\/windpark-kemnitz\/wissenswertes\/mensch-und-gesundheit\/brandschutz\/\" \/>\n<meta property=\"og:site_name\" content=\"Windpark Kemnitz Repowering\" \/>\n<meta property=\"article:modified_time\" content=\"2025-06-18T10:01:12+00:00\" \/>\n<meta property=\"og:image\" content=\"https:\/\/www.wpd.de\/windpark-kemnitz\/wp-content\/uploads\/sites\/12\/2025\/06\/Schluesselburg0248_zug-scaled.jpg\" \/>\n\t<meta property=\"og:image:width\" content=\"2560\" \/>\n\t<meta property=\"og:image:height\" content=\"1017\" \/>\n\t<meta property=\"og:image:type\" content=\"image\/jpeg\" \/>\n<meta name=\"twitter:card\" content=\"summary_large_image\" \/>\n<script type=\"application\/ld+json\" class=\"yoast-schema-graph\">{\"@context\":\"https:\/\/schema.org\",\"@graph\":[{\"@type\":\"WebPage\",\"@id\":\"https:\/\/www.wpd.de\/windpark-kemnitz\/wissenswertes\/mensch-und-gesundheit\/brandschutz\/\",\"url\":\"https:\/\/www.wpd.de\/windpark-kemnitz\/wissenswertes\/mensch-und-gesundheit\/brandschutz\/\",\"name\":\"Brandschutz - Windpark Kemnitz Repowering\",\"isPartOf\":{\"@id\":\"https:\/\/www.wpd.de\/windpark-kemnitz\/#website\"},\"primaryImageOfPage\":{\"@id\":\"https:\/\/www.wpd.de\/windpark-kemnitz\/wissenswertes\/mensch-und-gesundheit\/brandschutz\/#primaryimage\"},\"image\":{\"@id\":\"https:\/\/www.wpd.de\/windpark-kemnitz\/wissenswertes\/mensch-und-gesundheit\/brandschutz\/#primaryimage\"},\"thumbnailUrl\":\"https:\/\/www.wpd.de\/windpark-kemnitz\/wp-content\/uploads\/sites\/12\/2025\/06\/Schluesselburg0248_zug-scaled.jpg\",\"datePublished\":\"2025-05-21T10:06:19+00:00\",\"dateModified\":\"2025-06-18T10:01:12+00:00\",\"breadcrumb\":{\"@id\":\"https:\/\/www.wpd.de\/windpark-kemnitz\/wissenswertes\/mensch-und-gesundheit\/brandschutz\/#breadcrumb\"},\"inLanguage\":\"de\",\"potentialAction\":[{\"@type\":\"ReadAction\",\"target\":[\"https:\/\/www.wpd.de\/windpark-kemnitz\/wissenswertes\/mensch-und-gesundheit\/brandschutz\/\"]}]},{\"@type\":\"ImageObject\",\"inLanguage\":\"de\",\"@id\":\"https:\/\/www.wpd.de\/windpark-kemnitz\/wissenswertes\/mensch-und-gesundheit\/brandschutz\/#primaryimage\",\"url\":\"https:\/\/www.wpd.de\/windpark-kemnitz\/wp-content\/uploads\/sites\/12\/2025\/06\/Schluesselburg0248_zug-scaled.jpg\",\"contentUrl\":\"https:\/\/www.wpd.de\/windpark-kemnitz\/wp-content\/uploads\/sites\/12\/2025\/06\/Schluesselburg0248_zug-scaled.jpg\",\"width\":2560,\"height\":1017},{\"@type\":\"BreadcrumbList\",\"@id\":\"https:\/\/www.wpd.de\/windpark-kemnitz\/wissenswertes\/mensch-und-gesundheit\/brandschutz\/#breadcrumb\",\"itemListElement\":[{\"@type\":\"ListItem\",\"position\":1,\"name\":\"Startseite\",\"item\":\"https:\/\/www.wpd.de\/windpark-kemnitz\/\"},{\"@type\":\"ListItem\",\"position\":2,\"name\":\"Wissenswertes\",\"item\":\"https:\/\/www.wpd.de\/windpark-kemnitz\/wissenswertes\/\"},{\"@type\":\"ListItem\",\"position\":3,\"name\":\"Mensch und Gesundheit\",\"item\":\"https:\/\/www.wpd.de\/windpark-kemnitz\/wissenswertes\/mensch-und-gesundheit\/\"},{\"@type\":\"ListItem\",\"position\":4,\"name\":\"Brandschutz\"}]},{\"@type\":\"WebSite\",\"@id\":\"https:\/\/www.wpd.de\/windpark-kemnitz\/#website\",\"url\":\"https:\/\/www.wpd.de\/windpark-kemnitz\/\",\"name\":\"Windpark Kemnitz Repowering\",\"description\":\"Eine weitere wpd.de Websites Website\",\"potentialAction\":[{\"@type\":\"SearchAction\",\"target\":{\"@type\":\"EntryPoint\",\"urlTemplate\":\"https:\/\/www.wpd.de\/windpark-kemnitz\/?s={search_term_string}\"},\"query-input\":{\"@type\":\"PropertyValueSpecification\",\"valueRequired\":true,\"valueName\":\"search_term_string\"}}],\"inLanguage\":\"de\"}]}<\/script>\n<!-- \/ Yoast SEO plugin. -->","yoast_head_json":{"title":"Brandschutz - Windpark Kemnitz Repowering","description":"Brandschutzanforderungen Das Bundesimmissionsschutzgesetz (BImSchG) regelt die Genehmigung von Windenergieanlagen mit Fokus auf Umwelt- und Brandschutz. Die Landesbauordnung&lt;\/","robots":{"index":"index","follow":"follow","max-snippet":"max-snippet:-1","max-image-preview":"max-image-preview:large","max-video-preview":"max-video-preview:-1"},"canonical":"https:\/\/www.wpd.de\/windpark-kemnitz\/wissenswertes\/mensch-und-gesundheit\/brandschutz\/","og_locale":"de_DE","og_type":"article","og_title":"Brandschutz - Windpark Kemnitz Repowering","og_description":"Brandschutzanforderungen Das Bundesimmissionsschutzgesetz (BImSchG) regelt die Genehmigung von Windenergieanlagen mit Fokus auf Umwelt- und Brandschutz. Die Landesbauordnung&lt;\/","og_url":"https:\/\/www.wpd.de\/windpark-kemnitz\/wissenswertes\/mensch-und-gesundheit\/brandschutz\/","og_site_name":"Windpark Kemnitz Repowering","article_modified_time":"2025-06-18T10:01:12+00:00","og_image":[{"width":2560,"height":1017,"url":"https:\/\/www.wpd.de\/windpark-kemnitz\/wp-content\/uploads\/sites\/12\/2025\/06\/Schluesselburg0248_zug-scaled.jpg","type":"image\/jpeg"}],"twitter_card":"summary_large_image","schema":{"@context":"https:\/\/schema.org","@graph":[{"@type":"WebPage","@id":"https:\/\/www.wpd.de\/windpark-kemnitz\/wissenswertes\/mensch-und-gesundheit\/brandschutz\/","url":"https:\/\/www.wpd.de\/windpark-kemnitz\/wissenswertes\/mensch-und-gesundheit\/brandschutz\/","name":"Brandschutz - Windpark Kemnitz Repowering","isPartOf":{"@id":"https:\/\/www.wpd.de\/windpark-kemnitz\/#website"},"primaryImageOfPage":{"@id":"https:\/\/www.wpd.de\/windpark-kemnitz\/wissenswertes\/mensch-und-gesundheit\/brandschutz\/#primaryimage"},"image":{"@id":"https:\/\/www.wpd.de\/windpark-kemnitz\/wissenswertes\/mensch-und-gesundheit\/brandschutz\/#primaryimage"},"thumbnailUrl":"https:\/\/www.wpd.de\/windpark-kemnitz\/wp-content\/uploads\/sites\/12\/2025\/06\/Schluesselburg0248_zug-scaled.jpg","datePublished":"2025-05-21T10:06:19+00:00","dateModified":"2025-06-18T10:01:12+00:00","breadcrumb":{"@id":"https:\/\/www.wpd.de\/windpark-kemnitz\/wissenswertes\/mensch-und-gesundheit\/brandschutz\/#breadcrumb"},"inLanguage":"de","potentialAction":[{"@type":"ReadAction","target":["https:\/\/www.wpd.de\/windpark-kemnitz\/wissenswertes\/mensch-und-gesundheit\/brandschutz\/"]}]},{"@type":"ImageObject","inLanguage":"de","@id":"https:\/\/www.wpd.de\/windpark-kemnitz\/wissenswertes\/mensch-und-gesundheit\/brandschutz\/#primaryimage","url":"https:\/\/www.wpd.de\/windpark-kemnitz\/wp-content\/uploads\/sites\/12\/2025\/06\/Schluesselburg0248_zug-scaled.jpg","contentUrl":"https:\/\/www.wpd.de\/windpark-kemnitz\/wp-content\/uploads\/sites\/12\/2025\/06\/Schluesselburg0248_zug-scaled.jpg","width":2560,"height":1017},{"@type":"BreadcrumbList","@id":"https:\/\/www.wpd.de\/windpark-kemnitz\/wissenswertes\/mensch-und-gesundheit\/brandschutz\/#breadcrumb","itemListElement":[{"@type":"ListItem","position":1,"name":"Startseite","item":"https:\/\/www.wpd.de\/windpark-kemnitz\/"},{"@type":"ListItem","position":2,"name":"Wissenswertes","item":"https:\/\/www.wpd.de\/windpark-kemnitz\/wissenswertes\/"},{"@type":"ListItem","position":3,"name":"Mensch und Gesundheit","item":"https:\/\/www.wpd.de\/windpark-kemnitz\/wissenswertes\/mensch-und-gesundheit\/"},{"@type":"ListItem","position":4,"name":"Brandschutz"}]},{"@type":"WebSite","@id":"https:\/\/www.wpd.de\/windpark-kemnitz\/#website","url":"https:\/\/www.wpd.de\/windpark-kemnitz\/","name":"Windpark Kemnitz Repowering","description":"Eine weitere wpd.de Websites Website","potentialAction":[{"@type":"SearchAction","target":{"@type":"EntryPoint","urlTemplate":"https:\/\/www.wpd.de\/windpark-kemnitz\/?s={search_term_string}"},"query-input":{"@type":"PropertyValueSpecification","valueRequired":true,"valueName":"search_term_string"}}],"inLanguage":"de"}]}},"_links":{"self":[{"href":"https:\/\/www.wpd.de\/windpark-kemnitz\/wp-json\/wp\/v2\/pages\/1344","targetHints":{"allow":["GET"]}}],"collection":[{"href":"https:\/\/www.wpd.de\/windpark-kemnitz\/wp-json\/wp\/v2\/pages"}],"about":[{"href":"https:\/\/www.wpd.de\/windpark-kemnitz\/wp-json\/wp\/v2\/types\/page"}],"author":[{"embeddable":true,"href":"https:\/\/www.wpd.de\/windpark-kemnitz\/wp-json\/wp\/v2\/users\/1"}],"replies":[{"embeddable":true,"href":"https:\/\/www.wpd.de\/windpark-kemnitz\/wp-json\/wp\/v2\/comments?post=1344"}],"version-history":[{"count":58,"href":"https:\/\/www.wpd.de\/windpark-kemnitz\/wp-json\/wp\/v2\/pages\/1344\/revisions"}],"predecessor-version":[{"id":3414,"href":"https:\/\/www.wpd.de\/windpark-kemnitz\/wp-json\/wp\/v2\/pages\/1344\/revisions\/3414"}],"up":[{"embeddable":true,"href":"https:\/\/www.wpd.de\/windpark-kemnitz\/wp-json\/wp\/v2\/pages\/1197"}],"wp:featuredmedia":[{"embeddable":true,"href":"https:\/\/www.wpd.de\/windpark-kemnitz\/wp-json\/wp\/v2\/media\/2226"}],"wp:attachment":[{"href":"https:\/\/www.wpd.de\/windpark-kemnitz\/wp-json\/wp\/v2\/media?parent=1344"}],"curies":[{"name":"wp","href":"https:\/\/api.w.org\/{rel}","templated":true}]}}