{"id":1197,"date":"2025-05-21T12:06:19","date_gmt":"2025-05-21T10:06:19","guid":{"rendered":"https:\/\/www.wpd.de\/windpark-saulheim-partenheim\/?page_id=1197"},"modified":"2025-06-16T17:05:27","modified_gmt":"2025-06-16T15:05:27","slug":"mensch-und-gesundheit","status":"publish","type":"page","link":"https:\/\/www.wpd.de\/windpark-kemnitz\/wissenswertes\/mensch-und-gesundheit\/","title":{"rendered":"Mensch und Gesundheit"},"content":{"rendered":"<p><strong>Eingriff in Naturhaushalt und Landschaftsbild<\/strong><\/p>\n<p>Da es sich beim Bau eines Windparks und der dazu notwendigen Infrastruktur gem\u00e4\u00df \u00a7 14 Bundesnaturschutzgesetz (BNatSchG) um einen Eingriff in den Naturhaushalt und das Landschaftsbild handelt, ist die Erstellung eines Landschaftspflegerischen Begleitplanes (LBP) und eines zugeh\u00f6rigen Erl\u00e4uterungstextes durch den Vorhabentr\u00e4ger erforderlich. Dort wird der Eingriff in die Schutzg\u00fcter Tiere, Pflanzen und biologische Vielfalt, Boden, Wasser, Luft und Klima sowie Landschaft gem\u00e4\u00df den Landesvorgaben<sup>1, 2, 3<\/sup>\u00a0ermittelt und zun\u00e4chst unter Ber\u00fccksichtigung von Vermeidungs- und Verminderungsma\u00dfnahmen bewertet. F\u00fcr nicht vermeidbare, erhebliche Beeintr\u00e4chtigungen durch den Eingriff wird ein Kompensationsbedarf in Form von Ausgleichs- und Ersatzma\u00dfnahmen oder \u2013 sofern die Beeintr\u00e4chtigungen durch Ma\u00dfnahmen nicht vollst\u00e4ndig auszugleichen bzw. zu ersetzen sind \u2013 eines Ersatzgeldes festgelegt.<\/p>\n<p>F\u00fcr die Kompensation der Eingriffe in das Landschaftsbild ist ein Ersatzgeld zu zahlen, dass sich anhand der Anlagenh\u00f6he und der Erlebniswirksamkeit der Landschaft (Wertstufen) im Umfeld um den geplanten Windpark bemisst.<\/p>\n<p>Bei Vorhaben im Geltungsbereich eines Bebauungsplans, erfolgt die Pr\u00fcfung, Bewertung und Kompensation des Eingriffs nach den baurechtlichen Vorgaben. Die Gemeinde legt die erforderlichen Ausgleichs- und Ersatzma\u00dfnahmen fest. Die Zahlung eines Ersatzgeldes ist ausgeschlossen.<\/p>\n<p><sup>1<\/sup>\u00a0Gesetz- und Verordnungsblatt f\u00fcr das Land Rheinland-Pfalz, Nr. 8, S. 160\u2013170, vom 15. Juni 2018: <a href=\"https:\/\/mueef.rlp.de\/fileadmin\/mulewf\/Themen\/Naturschutz\/Eingriff_und_Kompensation\/Landeskomensationsverordnung.pdf\">Landesverordnung \u00fcber die Kompensation von Eingriffen in Natur und Landschaft<\/a> (Landeskompensationsverordnung &#8211; LKompVO -) (12.06.2018)<\/p>\n<p><sup>2<\/sup> Gesetz- und Verordnungsblatt f\u00fcr das Land Rheinland-Pfalz, Nr. 8, S. 158\u2013159, vom 15. Juni 2018: <a href=\"https:\/\/mueef.rlp.de\/fileadmin\/mulewf\/Themen\/Naturschutz\/Eingriff_und_Kompensation\/Landeskompensationsverzeichnisverordnung.pdf\">Landeskompensationsverzeichnisverordnung<\/a> (LKompVzVO) (12.06.2018)<\/p>\n<p><sup>3<\/sup> <a href=\"https:\/\/mueef.rlp.de\/fileadmin\/mulewf\/Themen\/Naturschutz\/Eingriff_und_Kompensation\/Rundschreiben\/Erlass_Natur-_und_Artenschutz_WEA_immissionschutzrechtliches_Verfahren.pdf\">Erlass zum Natur- und Artenschutz bei der Genehmigung von Windenergieanlagen im immissions-schutzrechtlichen Verfahren<\/a> (12.08.2020)<\/p>\n<p><em>hier \u201eN\u00fctzliche Links\u201c einf\u00fcgen?<\/em><\/p>\n","protected":false},"excerpt":{"rendered":"a:1:{i:0;s:0:&#8220;&#8220;;}","protected":false},"author":16,"featured_media":0,"parent":100,"menu_order":1,"comment_status":"closed","ping_status":"closed","template":"template-flexible-contents.php","meta":{"_acf_changed":false,"footnotes":""},"class_list":["post-1197","page","type-page","status-publish","hentry"],"acf":[],"yoast_head":"<!-- This site is optimized with the Yoast SEO plugin v25.4 - https:\/\/yoast.com\/wordpress\/plugins\/seo\/ -->\n<title>Mensch und Gesundheit - Windpark Kemnitz Repowering<\/title>\n<meta name=\"description\" content=\"Eingriff in Naturhaushalt und Landschaftsbild Da es sich beim Bau eines Windparks und der dazu notwendigen Infrastruktur gem\u00e4\u00df \u00a7 14 Bundesnaturschutzgesetz (BNatSchG) um einen Eingriff in den Naturhaushalt und das Landschaftsbild handelt, is\" \/>\n<meta name=\"robots\" content=\"index, follow, max-snippet:-1, max-image-preview:large, max-video-preview:-1\" \/>\n<link rel=\"canonical\" href=\"https:\/\/www.wpd.de\/windpark-kemnitz\/wissenswertes\/mensch-und-gesundheit\/\" \/>\n<meta property=\"og:locale\" content=\"de_DE\" \/>\n<meta property=\"og:type\" content=\"article\" \/>\n<meta property=\"og:title\" content=\"Mensch und Gesundheit - Windpark Kemnitz Repowering\" \/>\n<meta property=\"og:description\" content=\"Eingriff in Naturhaushalt und Landschaftsbild Da es sich beim Bau eines Windparks und der dazu notwendigen Infrastruktur gem\u00e4\u00df \u00a7 14 Bundesnaturschutzgesetz (BNatSchG) um einen Eingriff in den Naturhaushalt und das Landschaftsbild handelt, is\" \/>\n<meta property=\"og:url\" content=\"https:\/\/www.wpd.de\/windpark-kemnitz\/wissenswertes\/mensch-und-gesundheit\/\" \/>\n<meta property=\"og:site_name\" content=\"Windpark Kemnitz Repowering\" \/>\n<meta property=\"article:modified_time\" content=\"2025-06-16T15:05:27+00:00\" \/>\n<meta name=\"twitter:card\" content=\"summary_large_image\" \/>\n<meta name=\"twitter:label1\" content=\"Gesch\u00e4tzte Lesezeit\" \/>\n\t<meta name=\"twitter:data1\" content=\"1\u00a0Minute\" \/>\n<script type=\"application\/ld+json\" class=\"yoast-schema-graph\">{\"@context\":\"https:\/\/schema.org\",\"@graph\":[{\"@type\":\"WebPage\",\"@id\":\"https:\/\/www.wpd.de\/windpark-kemnitz\/wissenswertes\/mensch-und-gesundheit\/\",\"url\":\"https:\/\/www.wpd.de\/windpark-kemnitz\/wissenswertes\/mensch-und-gesundheit\/\",\"name\":\"Mensch und Gesundheit - Windpark Kemnitz Repowering\",\"isPartOf\":{\"@id\":\"https:\/\/www.wpd.de\/windpark-kemnitz\/#website\"},\"datePublished\":\"2025-05-21T10:06:19+00:00\",\"dateModified\":\"2025-06-16T15:05:27+00:00\",\"breadcrumb\":{\"@id\":\"https:\/\/www.wpd.de\/windpark-kemnitz\/wissenswertes\/mensch-und-gesundheit\/#breadcrumb\"},\"inLanguage\":\"de\",\"potentialAction\":[{\"@type\":\"ReadAction\",\"target\":[\"https:\/\/www.wpd.de\/windpark-kemnitz\/wissenswertes\/mensch-und-gesundheit\/\"]}]},{\"@type\":\"BreadcrumbList\",\"@id\":\"https:\/\/www.wpd.de\/windpark-kemnitz\/wissenswertes\/mensch-und-gesundheit\/#breadcrumb\",\"itemListElement\":[{\"@type\":\"ListItem\",\"position\":1,\"name\":\"Startseite\",\"item\":\"https:\/\/www.wpd.de\/windpark-kemnitz\/\"},{\"@type\":\"ListItem\",\"position\":2,\"name\":\"Wissenswertes\",\"item\":\"https:\/\/www.wpd.de\/windpark-kemnitz\/wissenswertes\/\"},{\"@type\":\"ListItem\",\"position\":3,\"name\":\"Mensch und Gesundheit\"}]},{\"@type\":\"WebSite\",\"@id\":\"https:\/\/www.wpd.de\/windpark-kemnitz\/#website\",\"url\":\"https:\/\/www.wpd.de\/windpark-kemnitz\/\",\"name\":\"Windpark Kemnitz Repowering\",\"description\":\"Eine weitere wpd.de Websites Website\",\"potentialAction\":[{\"@type\":\"SearchAction\",\"target\":{\"@type\":\"EntryPoint\",\"urlTemplate\":\"https:\/\/www.wpd.de\/windpark-kemnitz\/?s={search_term_string}\"},\"query-input\":{\"@type\":\"PropertyValueSpecification\",\"valueRequired\":true,\"valueName\":\"search_term_string\"}}],\"inLanguage\":\"de\"}]}<\/script>\n<!-- \/ Yoast SEO plugin. -->","yoast_head_json":{"title":"Mensch und Gesundheit - Windpark Kemnitz Repowering","description":"Eingriff in Naturhaushalt und Landschaftsbild Da es sich beim Bau eines Windparks und der dazu notwendigen Infrastruktur gem\u00e4\u00df \u00a7 14 Bundesnaturschutzgesetz (BNatSchG) um einen Eingriff in den Naturhaushalt und das Landschaftsbild handelt, is","robots":{"index":"index","follow":"follow","max-snippet":"max-snippet:-1","max-image-preview":"max-image-preview:large","max-video-preview":"max-video-preview:-1"},"canonical":"https:\/\/www.wpd.de\/windpark-kemnitz\/wissenswertes\/mensch-und-gesundheit\/","og_locale":"de_DE","og_type":"article","og_title":"Mensch und Gesundheit - Windpark Kemnitz Repowering","og_description":"Eingriff in Naturhaushalt und Landschaftsbild Da es sich beim Bau eines Windparks und der dazu notwendigen Infrastruktur gem\u00e4\u00df \u00a7 14 Bundesnaturschutzgesetz (BNatSchG) um einen Eingriff in den Naturhaushalt und das Landschaftsbild handelt, is","og_url":"https:\/\/www.wpd.de\/windpark-kemnitz\/wissenswertes\/mensch-und-gesundheit\/","og_site_name":"Windpark Kemnitz Repowering","article_modified_time":"2025-06-16T15:05:27+00:00","twitter_card":"summary_large_image","twitter_misc":{"Gesch\u00e4tzte Lesezeit":"1\u00a0Minute"},"schema":{"@context":"https:\/\/schema.org","@graph":[{"@type":"WebPage","@id":"https:\/\/www.wpd.de\/windpark-kemnitz\/wissenswertes\/mensch-und-gesundheit\/","url":"https:\/\/www.wpd.de\/windpark-kemnitz\/wissenswertes\/mensch-und-gesundheit\/","name":"Mensch und Gesundheit - Windpark Kemnitz Repowering","isPartOf":{"@id":"https:\/\/www.wpd.de\/windpark-kemnitz\/#website"},"datePublished":"2025-05-21T10:06:19+00:00","dateModified":"2025-06-16T15:05:27+00:00","breadcrumb":{"@id":"https:\/\/www.wpd.de\/windpark-kemnitz\/wissenswertes\/mensch-und-gesundheit\/#breadcrumb"},"inLanguage":"de","potentialAction":[{"@type":"ReadAction","target":["https:\/\/www.wpd.de\/windpark-kemnitz\/wissenswertes\/mensch-und-gesundheit\/"]}]},{"@type":"BreadcrumbList","@id":"https:\/\/www.wpd.de\/windpark-kemnitz\/wissenswertes\/mensch-und-gesundheit\/#breadcrumb","itemListElement":[{"@type":"ListItem","position":1,"name":"Startseite","item":"https:\/\/www.wpd.de\/windpark-kemnitz\/"},{"@type":"ListItem","position":2,"name":"Wissenswertes","item":"https:\/\/www.wpd.de\/windpark-kemnitz\/wissenswertes\/"},{"@type":"ListItem","position":3,"name":"Mensch und Gesundheit"}]},{"@type":"WebSite","@id":"https:\/\/www.wpd.de\/windpark-kemnitz\/#website","url":"https:\/\/www.wpd.de\/windpark-kemnitz\/","name":"Windpark Kemnitz Repowering","description":"Eine weitere wpd.de Websites Website","potentialAction":[{"@type":"SearchAction","target":{"@type":"EntryPoint","urlTemplate":"https:\/\/www.wpd.de\/windpark-kemnitz\/?s={search_term_string}"},"query-input":{"@type":"PropertyValueSpecification","valueRequired":true,"valueName":"search_term_string"}}],"inLanguage":"de"}]}},"_links":{"self":[{"href":"https:\/\/www.wpd.de\/windpark-kemnitz\/wp-json\/wp\/v2\/pages\/1197","targetHints":{"allow":["GET"]}}],"collection":[{"href":"https:\/\/www.wpd.de\/windpark-kemnitz\/wp-json\/wp\/v2\/pages"}],"about":[{"href":"https:\/\/www.wpd.de\/windpark-kemnitz\/wp-json\/wp\/v2\/types\/page"}],"author":[{"embeddable":true,"href":"https:\/\/www.wpd.de\/windpark-kemnitz\/wp-json\/wp\/v2\/users\/16"}],"replies":[{"embeddable":true,"href":"https:\/\/www.wpd.de\/windpark-kemnitz\/wp-json\/wp\/v2\/comments?post=1197"}],"version-history":[{"count":30,"href":"https:\/\/www.wpd.de\/windpark-kemnitz\/wp-json\/wp\/v2\/pages\/1197\/revisions"}],"predecessor-version":[{"id":2719,"href":"https:\/\/www.wpd.de\/windpark-kemnitz\/wp-json\/wp\/v2\/pages\/1197\/revisions\/2719"}],"up":[{"embeddable":true,"href":"https:\/\/www.wpd.de\/windpark-kemnitz\/wp-json\/wp\/v2\/pages\/100"}],"wp:attachment":[{"href":"https:\/\/www.wpd.de\/windpark-kemnitz\/wp-json\/wp\/v2\/media?parent=1197"}],"curies":[{"name":"wp","href":"https:\/\/api.w.org\/{rel}","templated":true}]}}