{"id":363,"date":"2020-03-23T08:09:53","date_gmt":"2020-03-23T07:09:53","guid":{"rendered":"https:\/\/www.wpd.de\/jeetze-ii\/?page_id=363"},"modified":"2022-10-14T15:06:51","modified_gmt":"2022-10-14T13:06:51","slug":"fragen-zur-windenergie","status":"publish","type":"page","link":"https:\/\/www.wpd.de\/windpark-jeetze2\/fragen-zur-windenergie\/","title":{"rendered":"Fragen zur Windenergie"},"content":{"rendered":"","protected":false},"excerpt":{"rendered":"a:1:{i:0;s:0:&#8220;&#8220;;}  a:1:{i:0;s:3:&#8220;110&#8243;;}   <h2>Fragen zur Windenergie<\/h2>\r\n<h3>Entstehung eines Windparks<\/h3>\r\nSie interessieren sich daf\u00fcr, wie ein Windpark entsteht? Informieren Sie sich hier \u00fcber den Weg von der Planung bis zur Entstehung eines Windparks:\r\n<ul>\r\n \t<li><a href=\"https:\/\/www.wpd.de\/wind\/deutschland\/projektentwicklung\/\" target=\"_blank\" rel=\"noopener\">Projektentwicklung bei wpd<\/a><\/li>\r\n \t<li><a href=\"https:\/\/www.wind-energie.de\/fileadmin\/redaktion\/dokumente\/publikationen-oeffentlich\/themen\/01-mensch-und-umwelt\/02-planung\/bwe_infografik_so_entsteht_ein_windpark.pdf\" target=\"_blank\" rel=\"noopener\">So entsteht ein Windpark<\/a><\/li>\r\n<\/ul>\r\n<h3><\/h3>\r\n<h3>Planungsgrundlagen eines Windparks<\/h3>\r\n<strong>Schall\u00b9<\/strong>\r\nWie viele andere technische Anlagen erzeugen auch Windenergieanlagen Betriebsger\u00e4usche. Vor allem die Rotorbl\u00e4tter erzeugen durch ihre Bewegung im Wind moderate Ger\u00e4usche. Auch Getriebe oder Generator k\u00f6nnen Ger\u00e4usche verursachen.\r\n\r\nBei der Planung eines Windparks werden dabei die f\u00fcr die umliegende Wohnbebauung und sonstigen Aufenthaltsr\u00e4ume geltenden Grenzwerte ber\u00fccksichtigt. Hierzu wird eine ausf\u00fchrliche Schallimmissionsprognose angefertigt, welche dann im Rahmen des Genehmigungsverfahrens anhand der Technischen Anleitung zum Schutz gegen L\u00e4rm (TA L\u00e4rm) gepr\u00fcft wird. Wenn die festgelegten Grenzwerte durch die Windenergieanlagen nicht \u00fcberschritten werden, liegen bez\u00fcglich Schall in der Regel keine sch\u00e4dlichen Umwelteinwirkungen vor.\r\n\r\nGrunds\u00e4tzlich sind moderne Windenergieanlagen deutlich leiser als ihre Vorg\u00e4ngermodelle. In nur wenigen 100 Metern Entfernung zum Windpark ist das Rauschen der Rotorbl\u00e4tter nicht mehr wahrnehmbar; zudem werden die Ger\u00e4usche der Windenergieanlage durch die Umgebungsger\u00e4usche, wie z.B. Verkehrsl\u00e4rm, \u00fcberlagert. Ein Vergleich macht deutlich, wie leise moderne Windenergieanlagen heutzutage sind: In 200 Metern Entfernung zu einer modernen Windenergieanlage verursachen diese eine Schallbelastung von ca. 45 db(A). Bei einer Fahrt im Auto mit 100 km\/h ist man hingegen sogar 100 dB(A) ausgesetzt.\r\n\r\n<strong>Schatten\u00b2<\/strong>\r\nWenn sich die Rotorbl\u00e4tter einer Windenergieanlage drehen, entsteht je nach Sonnenschein und -stand ein beweglicher Schatten. Auch bez\u00fcglich des Schattenwurfs von Windenergieanlagen bestehen Richtwerte, deren \u00dcberschreitung im Rahmen des Genehmigungsverfahrens \u00fcberpr\u00fcft wird. So darf nach Bundes-Immissionsschutzgesetz die Schattenwurfdauer 30 Minuten t\u00e4glich und 30 Stunden im Jahr nicht \u00fcberschreiten.\r\nSollte eine Windenergieanlage die Grenzwerte im normalen Betrieb \u00fcberschreiten, werden Abschaltvorrichtungen installiert, die sicherstellen, dass die Grenzwerte eingehalten werden.\r\n\r\n<strong>Naturschutz\u00b3<\/strong>\r\nDie Anforderungen des Naturschutzes werden bei der Planung von Windenergieanlagen von Anfang an ber\u00fccksichtigt. So werden auf Ebene der Regionalplanung bereits die Bereiche f\u00fcr Windenergie ausgeschlossen, die f\u00fcr den Natur- und Landschaftsschutz eine hohe Bedeutung haben &#8211; damit ist bereits 98% der Fl\u00e4che Deutschlands von der Windenergienutzung ausgeschlossen.\r\nIm Genehmigungsverfahren wird dann wiederum eine detaillierte Standortbetrachtung f\u00fcr die konkrete Windenergieanlage vorgenommen. Hierzu werden beispielsweise Artenschutz- und Umweltvertr\u00e4glichkeitspr\u00fcfungen vorgenommen. Sollten gesch\u00fctzte Arten im oder im Umkreis des geplanten Windparks vorkommen, kann dies zu einer Ablehnung des Genehmigungsantrags f\u00fchren oder mit hohen Betriebsauflagen, wie zum Beispiel tempor\u00e4ren Abschaltungen, verbunden sein, um die entsprechende Art zu sch\u00fctzen.\r\n\r\n<strong>Noch offene Fragen?<\/strong>\r\n<a href=\"https:\/\/www.wind-energie.de\/themen\/mensch-und-umwelt\/publikationen-mensch-und-umwelt\/\" target=\"_blank\" rel=\"noopener\">Informieren Sie sich bei weiteren Fragen zur Planung von Windenergieanlagen gerne auf den Seiten des Bundesverband WindEnergie e.V.<\/a>\r\n\r\n<strong>\r\nQuellen:<\/strong>\r\n\u00b9 Bundesverband WindEnergie e.V. (2015): <a href=\"https:\/\/www.wind-energie.de\/fileadmin\/redaktion\/dokumente\/publikationen-oeffentlich\/themen\/01-mensch-und-umwelt\/01-windkraft-vor-ort\/bwe_abisz_3-2015_72dpi_final.pdf\" target=\"_blank\" rel=\"noopener\">A bis Z. Fakten zur Windenergie<\/a>;\r\nLANUV \u2013 Landesamt f\u00fcr Natur, Umwelt und Verbraucherschutz NRW (2011): <a href=\"http:\/\/www.lanuv.nrw.de\/geraeusche\/gewerbe9.htm\" target=\"_blank\" rel=\"noopener\">Ger\u00e4usche von gewerblichen und industriellen Anlagen<\/a>;\r\n\r\n\u00b2 LAI \u2013 L\u00e4nderausschuss f\u00fcr Immissionsschutz (2002): <a href=\"https:\/\/www.lai-immissionsschutz.de\/documents\/wka_schattenwurfhinweise_stand_23_1588595757.01\" target=\"_blank\" rel=\"noopener\">Hinweise zur Ermittlung und Beurteilung der optischen Immissionen von Windenergieanlagen (WEA-SchattenwurfHinweise) \u2013 Arbeitsgruppe Schattenwurf;<\/a>\r\nBundesverband WindEnergie e.V. (2015): <a href=\"https:\/\/www.wind-energie.de\/fileadmin\/redaktion\/dokumente\/publikationen-oeffentlich\/themen\/01-mensch-und-umwelt\/01-windkraft-vor-ort\/bwe_abisz_3-2015_72dpi_final.pdf\" target=\"_blank\" rel=\"noopener\">A bis Z. Fakten zur Windenergie;<\/a>\r\n\r\n\u00b3 Bundesverband WindEnergie e.V. (2018): <a href=\"https:\/\/www.wind-energie.de\/fileadmin\/redaktion\/dokumente\/publikationen-oeffentlich\/themen\/01-mensch-und-umwelt\/03-naturschutz\/20181017_BWE_Hintergrundpapier_Naturschutz_Revision_1.pdf\" target=\"_blank\" rel=\"noopener\">Windenergie im Zeichen des Naturschutzes. Rechtsgrundlagen, aktuelle Entwicklungen, L\u00e4ndervergleiche und Forschungsergebnisse;<\/a> weiss    a:1:{i:0;s:11:&#8220;text-normal&#8220;;} ","protected":false},"author":2,"featured_media":465,"parent":0,"menu_order":0,"comment_status":"closed","ping_status":"closed","template":"template-flexible-contents.php","meta":{"_acf_changed":false,"footnotes":""},"class_list":["post-363","page","type-page","status-publish","has-post-thumbnail","hentry"],"acf":[],"yoast_head":"<!-- This site is optimized with the Yoast SEO plugin v25.4 - https:\/\/yoast.com\/wordpress\/plugins\/seo\/ -->\n<title>Fragen zur Windenergie - Projekt Jeetze II<\/title>\n<meta name=\"description\" content=\"Fragen zur Windenergie Entstehung eines Windparks Sie interessieren sich daf\u00fcr, wie ein Windpark entsteht? Informieren Sie sich hier \u00fcber den Weg von der Planung bis zur Entstehung eines Windparks: &lt;a href=&quot;htt\" \/>\n<meta name=\"robots\" content=\"index, follow, max-snippet:-1, max-image-preview:large, max-video-preview:-1\" \/>\n<link rel=\"canonical\" href=\"https:\/\/www.wpd.de\/windpark-jeetze2\/fragen-zur-windenergie\/\" \/>\n<meta property=\"og:locale\" content=\"de_DE\" \/>\n<meta property=\"og:type\" content=\"article\" \/>\n<meta property=\"og:title\" content=\"Fragen zur Windenergie - Projekt Jeetze II\" \/>\n<meta property=\"og:description\" content=\"Fragen zur Windenergie Entstehung eines Windparks Sie interessieren sich daf\u00fcr, wie ein Windpark entsteht? Informieren Sie sich hier \u00fcber den Weg von der Planung bis zur Entstehung eines Windparks: &lt;a href=&quot;htt\" \/>\n<meta property=\"og:url\" content=\"https:\/\/www.wpd.de\/windpark-jeetze2\/fragen-zur-windenergie\/\" \/>\n<meta property=\"og:site_name\" content=\"Projekt Jeetze II\" \/>\n<meta property=\"article:modified_time\" content=\"2022-10-14T13:06:51+00:00\" \/>\n<meta property=\"og:image\" content=\"https:\/\/www.wpd.de\/windpark-jeetze2\/wp-content\/uploads\/sites\/3\/2022\/06\/Jeetze_009-scaled.jpg\" \/>\n\t<meta property=\"og:image:width\" content=\"2560\" \/>\n\t<meta property=\"og:image:height\" content=\"1705\" \/>\n\t<meta property=\"og:image:type\" content=\"image\/jpeg\" \/>\n<meta name=\"twitter:card\" content=\"summary_large_image\" \/>\n<script type=\"application\/ld+json\" class=\"yoast-schema-graph\">{\"@context\":\"https:\/\/schema.org\",\"@graph\":[{\"@type\":\"WebPage\",\"@id\":\"https:\/\/www.wpd.de\/windpark-jeetze2\/fragen-zur-windenergie\/\",\"url\":\"https:\/\/www.wpd.de\/windpark-jeetze2\/fragen-zur-windenergie\/\",\"name\":\"Fragen zur Windenergie - Projekt Jeetze II\",\"isPartOf\":{\"@id\":\"https:\/\/www.wpd.de\/windpark-jeetze2\/#website\"},\"primaryImageOfPage\":{\"@id\":\"https:\/\/www.wpd.de\/windpark-jeetze2\/fragen-zur-windenergie\/#primaryimage\"},\"image\":{\"@id\":\"https:\/\/www.wpd.de\/windpark-jeetze2\/fragen-zur-windenergie\/#primaryimage\"},\"thumbnailUrl\":\"https:\/\/www.wpd.de\/windpark-jeetze2\/wp-content\/uploads\/sites\/3\/2022\/06\/Jeetze_009-scaled.jpg\",\"datePublished\":\"2020-03-23T07:09:53+00:00\",\"dateModified\":\"2022-10-14T13:06:51+00:00\",\"breadcrumb\":{\"@id\":\"https:\/\/www.wpd.de\/windpark-jeetze2\/fragen-zur-windenergie\/#breadcrumb\"},\"inLanguage\":\"de\",\"potentialAction\":[{\"@type\":\"ReadAction\",\"target\":[\"https:\/\/www.wpd.de\/windpark-jeetze2\/fragen-zur-windenergie\/\"]}]},{\"@type\":\"ImageObject\",\"inLanguage\":\"de\",\"@id\":\"https:\/\/www.wpd.de\/windpark-jeetze2\/fragen-zur-windenergie\/#primaryimage\",\"url\":\"https:\/\/www.wpd.de\/windpark-jeetze2\/wp-content\/uploads\/sites\/3\/2022\/06\/Jeetze_009-scaled.jpg\",\"contentUrl\":\"https:\/\/www.wpd.de\/windpark-jeetze2\/wp-content\/uploads\/sites\/3\/2022\/06\/Jeetze_009-scaled.jpg\",\"width\":2560,\"height\":1705},{\"@type\":\"BreadcrumbList\",\"@id\":\"https:\/\/www.wpd.de\/windpark-jeetze2\/fragen-zur-windenergie\/#breadcrumb\",\"itemListElement\":[{\"@type\":\"ListItem\",\"position\":1,\"name\":\"Startseite\",\"item\":\"https:\/\/www.wpd.de\/windpark-jeetze2\/\"},{\"@type\":\"ListItem\",\"position\":2,\"name\":\"Fragen zur Windenergie\"}]},{\"@type\":\"WebSite\",\"@id\":\"https:\/\/www.wpd.de\/windpark-jeetze2\/#website\",\"url\":\"https:\/\/www.wpd.de\/windpark-jeetze2\/\",\"name\":\"Projekt Jeetze II\",\"description\":\"Eine weitere wpd.de Websites Website\",\"potentialAction\":[{\"@type\":\"SearchAction\",\"target\":{\"@type\":\"EntryPoint\",\"urlTemplate\":\"https:\/\/www.wpd.de\/windpark-jeetze2\/?s={search_term_string}\"},\"query-input\":{\"@type\":\"PropertyValueSpecification\",\"valueRequired\":true,\"valueName\":\"search_term_string\"}}],\"inLanguage\":\"de\"}]}<\/script>\n<!-- \/ Yoast SEO plugin. -->","yoast_head_json":{"title":"Fragen zur Windenergie - Projekt Jeetze II","description":"Fragen zur Windenergie Entstehung eines Windparks Sie interessieren sich daf\u00fcr, wie ein Windpark entsteht? Informieren Sie sich hier \u00fcber den Weg von der Planung bis zur Entstehung eines Windparks: &lt;a href=&quot;htt","robots":{"index":"index","follow":"follow","max-snippet":"max-snippet:-1","max-image-preview":"max-image-preview:large","max-video-preview":"max-video-preview:-1"},"canonical":"https:\/\/www.wpd.de\/windpark-jeetze2\/fragen-zur-windenergie\/","og_locale":"de_DE","og_type":"article","og_title":"Fragen zur Windenergie - Projekt Jeetze II","og_description":"Fragen zur Windenergie Entstehung eines Windparks Sie interessieren sich daf\u00fcr, wie ein Windpark entsteht? Informieren Sie sich hier \u00fcber den Weg von der Planung bis zur Entstehung eines Windparks: &lt;a href=&quot;htt","og_url":"https:\/\/www.wpd.de\/windpark-jeetze2\/fragen-zur-windenergie\/","og_site_name":"Projekt Jeetze II","article_modified_time":"2022-10-14T13:06:51+00:00","og_image":[{"width":2560,"height":1705,"url":"https:\/\/www.wpd.de\/windpark-jeetze2\/wp-content\/uploads\/sites\/3\/2022\/06\/Jeetze_009-scaled.jpg","type":"image\/jpeg"}],"twitter_card":"summary_large_image","schema":{"@context":"https:\/\/schema.org","@graph":[{"@type":"WebPage","@id":"https:\/\/www.wpd.de\/windpark-jeetze2\/fragen-zur-windenergie\/","url":"https:\/\/www.wpd.de\/windpark-jeetze2\/fragen-zur-windenergie\/","name":"Fragen zur Windenergie - Projekt Jeetze II","isPartOf":{"@id":"https:\/\/www.wpd.de\/windpark-jeetze2\/#website"},"primaryImageOfPage":{"@id":"https:\/\/www.wpd.de\/windpark-jeetze2\/fragen-zur-windenergie\/#primaryimage"},"image":{"@id":"https:\/\/www.wpd.de\/windpark-jeetze2\/fragen-zur-windenergie\/#primaryimage"},"thumbnailUrl":"https:\/\/www.wpd.de\/windpark-jeetze2\/wp-content\/uploads\/sites\/3\/2022\/06\/Jeetze_009-scaled.jpg","datePublished":"2020-03-23T07:09:53+00:00","dateModified":"2022-10-14T13:06:51+00:00","breadcrumb":{"@id":"https:\/\/www.wpd.de\/windpark-jeetze2\/fragen-zur-windenergie\/#breadcrumb"},"inLanguage":"de","potentialAction":[{"@type":"ReadAction","target":["https:\/\/www.wpd.de\/windpark-jeetze2\/fragen-zur-windenergie\/"]}]},{"@type":"ImageObject","inLanguage":"de","@id":"https:\/\/www.wpd.de\/windpark-jeetze2\/fragen-zur-windenergie\/#primaryimage","url":"https:\/\/www.wpd.de\/windpark-jeetze2\/wp-content\/uploads\/sites\/3\/2022\/06\/Jeetze_009-scaled.jpg","contentUrl":"https:\/\/www.wpd.de\/windpark-jeetze2\/wp-content\/uploads\/sites\/3\/2022\/06\/Jeetze_009-scaled.jpg","width":2560,"height":1705},{"@type":"BreadcrumbList","@id":"https:\/\/www.wpd.de\/windpark-jeetze2\/fragen-zur-windenergie\/#breadcrumb","itemListElement":[{"@type":"ListItem","position":1,"name":"Startseite","item":"https:\/\/www.wpd.de\/windpark-jeetze2\/"},{"@type":"ListItem","position":2,"name":"Fragen zur Windenergie"}]},{"@type":"WebSite","@id":"https:\/\/www.wpd.de\/windpark-jeetze2\/#website","url":"https:\/\/www.wpd.de\/windpark-jeetze2\/","name":"Projekt Jeetze II","description":"Eine weitere wpd.de Websites Website","potentialAction":[{"@type":"SearchAction","target":{"@type":"EntryPoint","urlTemplate":"https:\/\/www.wpd.de\/windpark-jeetze2\/?s={search_term_string}"},"query-input":{"@type":"PropertyValueSpecification","valueRequired":true,"valueName":"search_term_string"}}],"inLanguage":"de"}]}},"_links":{"self":[{"href":"https:\/\/www.wpd.de\/windpark-jeetze2\/wp-json\/wp\/v2\/pages\/363","targetHints":{"allow":["GET"]}}],"collection":[{"href":"https:\/\/www.wpd.de\/windpark-jeetze2\/wp-json\/wp\/v2\/pages"}],"about":[{"href":"https:\/\/www.wpd.de\/windpark-jeetze2\/wp-json\/wp\/v2\/types\/page"}],"author":[{"embeddable":true,"href":"https:\/\/www.wpd.de\/windpark-jeetze2\/wp-json\/wp\/v2\/users\/2"}],"replies":[{"embeddable":true,"href":"https:\/\/www.wpd.de\/windpark-jeetze2\/wp-json\/wp\/v2\/comments?post=363"}],"version-history":[{"count":30,"href":"https:\/\/www.wpd.de\/windpark-jeetze2\/wp-json\/wp\/v2\/pages\/363\/revisions"}],"predecessor-version":[{"id":497,"href":"https:\/\/www.wpd.de\/windpark-jeetze2\/wp-json\/wp\/v2\/pages\/363\/revisions\/497"}],"wp:featuredmedia":[{"embeddable":true,"href":"https:\/\/www.wpd.de\/windpark-jeetze2\/wp-json\/wp\/v2\/media\/465"}],"wp:attachment":[{"href":"https:\/\/www.wpd.de\/windpark-jeetze2\/wp-json\/wp\/v2\/media?parent=363"}],"curies":[{"name":"wp","href":"https:\/\/api.w.org\/{rel}","templated":true}]}}