{"id":2,"date":"2020-03-17T15:15:06","date_gmt":"2020-03-17T14:15:06","guid":{"rendered":"https:\/\/www.wpd.de\/jeetze-ii\/?page_id=2"},"modified":"2022-07-01T16:05:34","modified_gmt":"2022-07-01T14:05:34","slug":"beispiel-seite","status":"publish","type":"page","link":"https:\/\/www.wpd.de\/windpark-jeetze2\/","title":{"rendered":"Windpark Jeetze ll"},"content":{"rendered":"<p>Der Windpark Jeetze II stellt eine westliche Erweiterung des bereits bestehenden Windparks Jeetze zwischen den Ortschaften Jeetze, Kahrstedt und Brunau dar. Der Windpark Jeetze II liegt damit im Windeignungsgebiet XII Jeetze im Gebiet der Stadt Kalbe\/Milde, Altmarkkreis Salzwedel, welches im Rahmen des Regionalen Entwicklungsplans f\u00fcr die Altmark als Fl\u00e4che f\u00fcr die Nutzung durch Windenergie ausgewiesen wurde.<\/p>\n<p>Die Planung des Windparks Jeetze II wird von zwei Planern in Kooperation durchgef\u00fchrt. Vorgesehen ist hier eine Erweiterung des Windeignungsgebiets mit sechs modernen Windenergieanlagen vom Typ Vestas V-136 mit einer Nennleistung von jeweils 3,6 MW. Um den Bau dieser neue Anlagengeneration zu erm\u00f6glichen, werden entlang der Stra\u00dfe zwischen Jeetze und Kahrstedt im Fr\u00fchjahr 2020 vier Windenergieanlagen des Typs E-44 mit jeweils 0,6 MW Nennleistung abgebaut, da diese das Ende der Verg\u00fctungslaufzeit nach dem Erneuerbare-Energien-Gesetz (EEG) erreicht haben.<\/p>\n<p>F\u00fcr die sechs neuen Windenergieanlagen vom Typ Vestas V-136 wurden im Jahr 2017 die umfangreichen artenschutzfachlichen Untersuchungen abgeschlossen und das Windpotential am Standort ermittelt. Im Dezember 2017 konnte dann der Antrag auf Genehmigung gem\u00e4\u00df Bundes-Immissionsschutzgesetz (BImSchG) f\u00fcr die sechs neuen Windenergieanlagen beim Altmarkkreis Salzwedel gestellt werden. Nach rund einem Jahr Verfahrensdauer wurde Anfang 2019 die BImSchG-Genehmigung erteilt. Daraufhin konnte im Februar 2019 erfolgreich an der Ausschreibung um einen gef\u00f6rderten Einspeisetarif nach EEG der Bundesnetzagentur f\u00fcr Windenergieanlagen an Land teilgenommen werden.<\/p>\n<p>Seitdem sind die weiteren technischen Planungen sowie die Bauvorbereitungen weit vorangeschritten, sodass im Januar 2020 mit bauvorbereitenden Ma\u00dfnahmen begonnen werden konnte. Bis Ende April werden Windparkzufahrt und Kranstellfl\u00e4chen fertig gestellt sein. Ab dem Sommer kommt dann der Anlagenhersteller Vestas auf die Baustelle, um mit der Errichtung der T\u00fcrme zu beginnen. Sp\u00e4testens Mitte November 2020 sollen planm\u00e4\u00dfig alle sechs Windenergieanlagen in Betrieb genommen werden. F\u00fcr den Windpark Jeetze II wird ab diesem Zeitpunkt eine Gesamtstromproduktion pro Jahr von ca. 69.000.000 kWh erwartet. Diese Menge deckt den j\u00e4hrlichen Strombedarf von rund 17.250 Vier-Personen-Haushalten ab. Gegen\u00fcber der konventionellen Stromerzeugung werden hierbei j\u00e4hrlich ca. 37.900 Tonnen CO2 vermieden.<\/p>\n","protected":false},"excerpt":{"rendered":"a:1:{i:0;s:0:&#8220;&#8220;;} a:2:{i:0;s:3:&#8220;115&#8243;;i:1;s:3:&#8220;120&#8243;;} a:1:{i:0;s:3:&#8220;110&#8243;;}   0 Der Windpark Jeetze II Der Windpark Jeetze II stellt eine westliche Erweiterung des bereits bestehenden Windparks Jeetze zwischen den Ortschaften Jeetze, Kahrstedt und Brunau dar. Der Windpark Jeetze II liegt damit im Windeignungsgebiet XII Jeetze im Gebiet der Stadt Kalbe\/Milde, Altmarkkreis Salzwedel, welches im Rahmen des Regionalen Entwicklungsplans f\u00fcr die Altmark als Fl\u00e4che f\u00fcr die Nutzung durch Windenergie ausgewiesen wurde.\r\n\r\nDie Planung des Windparks Jeetze II wurde von zwei Planern in Kooperation durchgef\u00fchrt. Diese sahen eine Erweiterung des Windeignungsgebiets mit sechs modernen Windenergieanlagen vom Typ Vestas V-136 mit einer Nennleistung von jeweils 3,6 MW vor. Um den Bau dieser neue Anlagengeneration zu erm\u00f6glichen, wurden entlang der Stra\u00dfe zwischen Jeetze und Kahrstedt im Fr\u00fchjahr 2020 vier Windenergieanlagen des Typs E-44 mit jeweils 0,6 MW Nennleistung abgebaut, da diese das Ende der Verg\u00fctungslaufzeit nach dem Erneuerbare-Energien-Gesetz (EEG) erreicht hatten.\r\n\r\nF\u00fcr die sechs neuen Windenergieanlagen vom Typ Vestas V-136 wurden im Jahr 2017 die umfangreichen artenschutzfachlichen Untersuchungen abgeschlossen und das Windpotential am Standort ermittelt. Im Dezember 2017 konnte dann der Antrag auf Genehmigung gem\u00e4\u00df Bundes-Immissionsschutzgesetz (BImSchG) f\u00fcr die sechs neuen Windenergieanlagen beim Altmarkkreis Salzwedel gestellt werden. Nach rund einem Jahr Verfahrensdauer wurde Anfang 2019 die BImSchG-Genehmigung erteilt. Daraufhin konnte im Februar 2019 erfolgreich an der Ausschreibung um einen gef\u00f6rderten Einspeisetarif nach EEG der Bundesnetzagentur f\u00fcr Windenergieanlagen an Land teilgenommen werden.\r\n\r\nGut ein Jahr sp\u00e4ter, im Januar 2020, wurde mit ersten bauvorbereitenden Ma\u00dfnahmen begonnen. Bis Ende April 2020 wurden Windparkzufahrt und Kranstellfl\u00e4chen fertig gestellt. Ab dem Sommer 2020 kam dann der Anlagenhersteller Vestas auf die Baustelle, um mit der Errichtung der T\u00fcrme zu beginnen. Im November 2020 waren planm\u00e4\u00dfig alle sechs Windenergieanlagen in Betrieb. Seitdem produziert der Windpark Jeetze II pro Jahr ca. 69.000.000 kWh Strom. Diese Menge deckt den j\u00e4hrlichen Strombedarf von rund 17.250 Vier-Personen-Haushalten ab. Gegen\u00fcber der konventionellen Stromerzeugung werden hierbei j\u00e4hrlich ca. 37.900 Tonnen CO<sub>2<\/sub> vermieden. weiss    a:3:{i:0;s:11:&#8220;text-normal&#8220;;i:1;s:11:&#8220;text-normal&#8220;;i:2;s:11:&#8220;text-normal&#8220;;}  <h2>Profitieren auch Sie vom Windpark Jeetze II<\/h2>\r\n<ul>\r\n \t<li>\r\n<h3>Mit unserem Windsparbrief<\/h3>\r\nIn Kooperation mit der DKB \u2013 der Deutschen Kreditbank AG &#8211; bieten wir Ihnen daher die M\u00f6glichkeit zur Teilnahme am DKB-B\u00fcrgersparen, einem festverzinslichen Sparbrief, an.<\/li>\r\n \t<li>\r\n<h3>Mit unserem \u00d6kostromtarif<\/h3>\r\n<\/li>\r\n<\/ul> hellblau a:3:{s:5:&#8220;title&#8220;;s:17:&#8220;DKB-B\u00fcrgersparen&#8220;;s:3:&#8220;url&#8220;;s:54:&#8220;https:\/\/www.wpd.de\/windpark-jeetze2\/dkb-buergersparen\/&#8220;;s:6:&#8220;target&#8220;;s:0:&#8220;&#8220;;}  Mehr erfahren   <h2>Zeitlicher Ablauf\r\n<img loading=\"lazy\" decoding=\"async\" class=\"alignnone size-medium wp-image-488\" src=\"https:\/\/www.wpd.de\/windpark-jeetze2\/wp-content\/uploads\/sites\/3\/2022\/07\/Zeitplan-992x562.png\" alt=\"\" width=\"992\" height=\"562\" srcset=\"https:\/\/www.wpd.de\/windpark-jeetze2\/wp-content\/uploads\/sites\/3\/2022\/07\/Zeitplan-992x562.png 992w, https:\/\/www.wpd.de\/windpark-jeetze2\/wp-content\/uploads\/sites\/3\/2022\/07\/Zeitplan-1500x850.png 1500w, https:\/\/www.wpd.de\/windpark-jeetze2\/wp-content\/uploads\/sites\/3\/2022\/07\/Zeitplan-768x435.png 768w, https:\/\/www.wpd.de\/windpark-jeetze2\/wp-content\/uploads\/sites\/3\/2022\/07\/Zeitplan-1536x871.png 1536w, https:\/\/www.wpd.de\/windpark-jeetze2\/wp-content\/uploads\/sites\/3\/2022\/07\/Zeitplan-600x340.png 600w, https:\/\/www.wpd.de\/windpark-jeetze2\/wp-content\/uploads\/sites\/3\/2022\/07\/Zeitplan-720x408.png 720w, https:\/\/www.wpd.de\/windpark-jeetze2\/wp-content\/uploads\/sites\/3\/2022\/07\/Zeitplan-360x204.png 360w, https:\/\/www.wpd.de\/windpark-jeetze2\/wp-content\/uploads\/sites\/3\/2022\/07\/Zeitplan.png 1942w\" sizes=\"auto, (max-width: 992px) 100vw, 992px\" \/><\/h2> grau   Mehr erfahren  ","protected":false},"author":1,"featured_media":472,"parent":0,"menu_order":0,"comment_status":"closed","ping_status":"open","template":"template-flexible-contents.php","meta":{"_acf_changed":false,"footnotes":""},"class_list":["post-2","page","type-page","status-publish","has-post-thumbnail","hentry"],"acf":[],"yoast_head":"<!-- This site is optimized with the Yoast SEO plugin v25.4 - https:\/\/yoast.com\/wordpress\/plugins\/seo\/ -->\n<title>Windpark Jeetze ll - Projekt Jeetze II<\/title>\n<meta name=\"description\" content=\"Der Windpark Jeetze II stellt eine westliche Erweiterung des bereits bestehenden Windparks Jeetze zwischen den Ortschaften Jeetze, Kahrstedt und Brunau dar. Der Windpark Jeetze II liegt damit im Windeignungsgebiet XII Jeetze im Gebiet der St\" \/>\n<meta name=\"robots\" content=\"index, follow, max-snippet:-1, max-image-preview:large, max-video-preview:-1\" \/>\n<link rel=\"canonical\" href=\"https:\/\/www.wpd.de\/windpark-jeetze2\/\" \/>\n<meta property=\"og:locale\" content=\"de_DE\" \/>\n<meta property=\"og:type\" content=\"article\" \/>\n<meta property=\"og:title\" content=\"Windpark Jeetze ll - Projekt Jeetze II\" \/>\n<meta property=\"og:description\" content=\"Der Windpark Jeetze II stellt eine westliche Erweiterung des bereits bestehenden Windparks Jeetze zwischen den Ortschaften Jeetze, Kahrstedt und Brunau dar. Der Windpark Jeetze II liegt damit im Windeignungsgebiet XII Jeetze im Gebiet der St\" \/>\n<meta property=\"og:url\" content=\"https:\/\/www.wpd.de\/windpark-jeetze2\/\" \/>\n<meta property=\"og:site_name\" content=\"Projekt Jeetze II\" \/>\n<meta property=\"article:modified_time\" content=\"2022-07-01T14:05:34+00:00\" \/>\n<meta property=\"og:image\" content=\"https:\/\/www.wpd.de\/windpark-jeetze2\/wp-content\/uploads\/sites\/3\/2022\/06\/Jeetze_098-scaled.jpg\" \/>\n\t<meta property=\"og:image:width\" content=\"2560\" \/>\n\t<meta property=\"og:image:height\" content=\"1707\" \/>\n\t<meta property=\"og:image:type\" content=\"image\/jpeg\" \/>\n<meta name=\"twitter:card\" content=\"summary_large_image\" \/>\n<meta name=\"twitter:label1\" content=\"Gesch\u00e4tzte Lesezeit\" \/>\n\t<meta name=\"twitter:data1\" content=\"2\u00a0Minuten\" \/>\n<script type=\"application\/ld+json\" class=\"yoast-schema-graph\">{\"@context\":\"https:\/\/schema.org\",\"@graph\":[{\"@type\":\"WebPage\",\"@id\":\"https:\/\/www.wpd.de\/windpark-jeetze2\/\",\"url\":\"https:\/\/www.wpd.de\/windpark-jeetze2\/\",\"name\":\"Windpark Jeetze ll - Projekt Jeetze II\",\"isPartOf\":{\"@id\":\"https:\/\/www.wpd.de\/windpark-jeetze2\/#website\"},\"primaryImageOfPage\":{\"@id\":\"https:\/\/www.wpd.de\/windpark-jeetze2\/#primaryimage\"},\"image\":{\"@id\":\"https:\/\/www.wpd.de\/windpark-jeetze2\/#primaryimage\"},\"thumbnailUrl\":\"https:\/\/www.wpd.de\/windpark-jeetze2\/wp-content\/uploads\/sites\/3\/2022\/06\/Jeetze_098-scaled.jpg\",\"datePublished\":\"2020-03-17T14:15:06+00:00\",\"dateModified\":\"2022-07-01T14:05:34+00:00\",\"breadcrumb\":{\"@id\":\"https:\/\/www.wpd.de\/windpark-jeetze2\/#breadcrumb\"},\"inLanguage\":\"de\",\"potentialAction\":[{\"@type\":\"ReadAction\",\"target\":[\"https:\/\/www.wpd.de\/windpark-jeetze2\/\"]}]},{\"@type\":\"ImageObject\",\"inLanguage\":\"de\",\"@id\":\"https:\/\/www.wpd.de\/windpark-jeetze2\/#primaryimage\",\"url\":\"https:\/\/www.wpd.de\/windpark-jeetze2\/wp-content\/uploads\/sites\/3\/2022\/06\/Jeetze_098-scaled.jpg\",\"contentUrl\":\"https:\/\/www.wpd.de\/windpark-jeetze2\/wp-content\/uploads\/sites\/3\/2022\/06\/Jeetze_098-scaled.jpg\",\"width\":2560,\"height\":1707},{\"@type\":\"BreadcrumbList\",\"@id\":\"https:\/\/www.wpd.de\/windpark-jeetze2\/#breadcrumb\",\"itemListElement\":[{\"@type\":\"ListItem\",\"position\":1,\"name\":\"Startseite\",\"item\":\"https:\/\/www.wpd.de\/windpark-jeetze2\/\"},{\"@type\":\"ListItem\",\"position\":2,\"name\":\"Windpark Jeetze ll\"}]},{\"@type\":\"WebSite\",\"@id\":\"https:\/\/www.wpd.de\/windpark-jeetze2\/#website\",\"url\":\"https:\/\/www.wpd.de\/windpark-jeetze2\/\",\"name\":\"Projekt Jeetze II\",\"description\":\"Eine weitere wpd.de Websites Website\",\"potentialAction\":[{\"@type\":\"SearchAction\",\"target\":{\"@type\":\"EntryPoint\",\"urlTemplate\":\"https:\/\/www.wpd.de\/windpark-jeetze2\/?s={search_term_string}\"},\"query-input\":{\"@type\":\"PropertyValueSpecification\",\"valueRequired\":true,\"valueName\":\"search_term_string\"}}],\"inLanguage\":\"de\"}]}<\/script>\n<!-- \/ Yoast SEO plugin. -->","yoast_head_json":{"title":"Windpark Jeetze ll - Projekt Jeetze II","description":"Der Windpark Jeetze II stellt eine westliche Erweiterung des bereits bestehenden Windparks Jeetze zwischen den Ortschaften Jeetze, Kahrstedt und Brunau dar. Der Windpark Jeetze II liegt damit im Windeignungsgebiet XII Jeetze im Gebiet der St","robots":{"index":"index","follow":"follow","max-snippet":"max-snippet:-1","max-image-preview":"max-image-preview:large","max-video-preview":"max-video-preview:-1"},"canonical":"https:\/\/www.wpd.de\/windpark-jeetze2\/","og_locale":"de_DE","og_type":"article","og_title":"Windpark Jeetze ll - Projekt Jeetze II","og_description":"Der Windpark Jeetze II stellt eine westliche Erweiterung des bereits bestehenden Windparks Jeetze zwischen den Ortschaften Jeetze, Kahrstedt und Brunau dar. Der Windpark Jeetze II liegt damit im Windeignungsgebiet XII Jeetze im Gebiet der St","og_url":"https:\/\/www.wpd.de\/windpark-jeetze2\/","og_site_name":"Projekt Jeetze II","article_modified_time":"2022-07-01T14:05:34+00:00","og_image":[{"width":2560,"height":1707,"url":"https:\/\/www.wpd.de\/windpark-jeetze2\/wp-content\/uploads\/sites\/3\/2022\/06\/Jeetze_098-scaled.jpg","type":"image\/jpeg"}],"twitter_card":"summary_large_image","twitter_misc":{"Gesch\u00e4tzte Lesezeit":"2\u00a0Minuten"},"schema":{"@context":"https:\/\/schema.org","@graph":[{"@type":"WebPage","@id":"https:\/\/www.wpd.de\/windpark-jeetze2\/","url":"https:\/\/www.wpd.de\/windpark-jeetze2\/","name":"Windpark Jeetze ll - Projekt Jeetze II","isPartOf":{"@id":"https:\/\/www.wpd.de\/windpark-jeetze2\/#website"},"primaryImageOfPage":{"@id":"https:\/\/www.wpd.de\/windpark-jeetze2\/#primaryimage"},"image":{"@id":"https:\/\/www.wpd.de\/windpark-jeetze2\/#primaryimage"},"thumbnailUrl":"https:\/\/www.wpd.de\/windpark-jeetze2\/wp-content\/uploads\/sites\/3\/2022\/06\/Jeetze_098-scaled.jpg","datePublished":"2020-03-17T14:15:06+00:00","dateModified":"2022-07-01T14:05:34+00:00","breadcrumb":{"@id":"https:\/\/www.wpd.de\/windpark-jeetze2\/#breadcrumb"},"inLanguage":"de","potentialAction":[{"@type":"ReadAction","target":["https:\/\/www.wpd.de\/windpark-jeetze2\/"]}]},{"@type":"ImageObject","inLanguage":"de","@id":"https:\/\/www.wpd.de\/windpark-jeetze2\/#primaryimage","url":"https:\/\/www.wpd.de\/windpark-jeetze2\/wp-content\/uploads\/sites\/3\/2022\/06\/Jeetze_098-scaled.jpg","contentUrl":"https:\/\/www.wpd.de\/windpark-jeetze2\/wp-content\/uploads\/sites\/3\/2022\/06\/Jeetze_098-scaled.jpg","width":2560,"height":1707},{"@type":"BreadcrumbList","@id":"https:\/\/www.wpd.de\/windpark-jeetze2\/#breadcrumb","itemListElement":[{"@type":"ListItem","position":1,"name":"Startseite","item":"https:\/\/www.wpd.de\/windpark-jeetze2\/"},{"@type":"ListItem","position":2,"name":"Windpark Jeetze ll"}]},{"@type":"WebSite","@id":"https:\/\/www.wpd.de\/windpark-jeetze2\/#website","url":"https:\/\/www.wpd.de\/windpark-jeetze2\/","name":"Projekt Jeetze II","description":"Eine weitere wpd.de Websites Website","potentialAction":[{"@type":"SearchAction","target":{"@type":"EntryPoint","urlTemplate":"https:\/\/www.wpd.de\/windpark-jeetze2\/?s={search_term_string}"},"query-input":{"@type":"PropertyValueSpecification","valueRequired":true,"valueName":"search_term_string"}}],"inLanguage":"de"}]}},"_links":{"self":[{"href":"https:\/\/www.wpd.de\/windpark-jeetze2\/wp-json\/wp\/v2\/pages\/2","targetHints":{"allow":["GET"]}}],"collection":[{"href":"https:\/\/www.wpd.de\/windpark-jeetze2\/wp-json\/wp\/v2\/pages"}],"about":[{"href":"https:\/\/www.wpd.de\/windpark-jeetze2\/wp-json\/wp\/v2\/types\/page"}],"author":[{"embeddable":true,"href":"https:\/\/www.wpd.de\/windpark-jeetze2\/wp-json\/wp\/v2\/users\/1"}],"replies":[{"embeddable":true,"href":"https:\/\/www.wpd.de\/windpark-jeetze2\/wp-json\/wp\/v2\/comments?post=2"}],"version-history":[{"count":86,"href":"https:\/\/www.wpd.de\/windpark-jeetze2\/wp-json\/wp\/v2\/pages\/2\/revisions"}],"predecessor-version":[{"id":491,"href":"https:\/\/www.wpd.de\/windpark-jeetze2\/wp-json\/wp\/v2\/pages\/2\/revisions\/491"}],"wp:featuredmedia":[{"embeddable":true,"href":"https:\/\/www.wpd.de\/windpark-jeetze2\/wp-json\/wp\/v2\/media\/472"}],"wp:attachment":[{"href":"https:\/\/www.wpd.de\/windpark-jeetze2\/wp-json\/wp\/v2\/media?parent=2"}],"curies":[{"name":"wp","href":"https:\/\/api.w.org\/{rel}","templated":true}]}}